{"id":11072,"date":"2015-03-11T15:26:44","date_gmt":"2015-03-11T15:26:44","guid":{"rendered":"http:\/\/aytultemiz.com\/site\/?page_id=11072"},"modified":"2017-12-05T10:40:49","modified_gmt":"2017-12-05T10:40:49","slug":"referanslar","status":"publish","type":"page","link":"https:\/\/aytultemiz.com\/site\/en\/referanslar\/","title":{"rendered":"References"},"content":{"rendered":"<span class=\"fusion-imageframe imageframe imageframe-none imageframe-1\"> <img src=\"http:\/\/aytultemiz.com\/site\/wp-content\/uploads\/2015\/03\/iStock_000035707550XXLarge-e1427735510128.jpg\" alt=\"\" class=\"img-responsive\" \/><\/span><div class=\"fusion-sep-clear\"><\/div><div class=\"fusion-separator fusion-full-width-sep sep-none\" style=\"border-color:#3e3e3e;margin-top:10px;margin-bottom:10px;\"><\/div><div class=\"fusion-title title\"><h2 class=\"title-heading-left\">Referanslar<\/h2><div class=\"title-sep-container\"><div class=\"title-sep sep-double\"><\/div><\/div><\/div><div class=\"fusion-five-sixth fusion-layout-column fusion-column last spacing-yes\"><div class=\"fusion-column-wrapper\">Saleh Rashid Mj Al Sulaiti (Tuscany Valley- Villa Landscape Project and Its Application)<\/div><\/div><div class=\"fusion-clearfix\"><\/div><div class=\"fusion-five-sixth fusion-layout-column fusion-column last spacing-yes\"><div class=\"fusion-column-wrapper\">Arda Turan (Sakl\u0131koru- Villa Landscape Project and Its Application)<\/div><\/div><div class=\"fusion-clearfix\"><\/div><div class=\"fusion-five-sixth fusion-layout-column fusion-column last spacing-yes\"><div class=\"fusion-column-wrapper\">Roxy Garih-Gila Ibrahimzadeh (Kids Preschool- Landscape Project and Its Application)<\/div><\/div><div class=\"fusion-clearfix\"><\/div><div class=\"fusion-five-sixth fusion-layout-column fusion-column last spacing-yes\"><div class=\"fusion-column-wrapper\">Ziya G\u00fcvenkaya-Esra Oflaz G\u00fcvenkaya (Mandarin Oriental- Villa Landscape Project and Its Application)<\/div><\/div><div class=\"fusion-clearfix\"><\/div><div class=\"fusion-five-sixth fusion-layout-column fusion-column last spacing-yes\"><div class=\"fusion-column-wrapper\">Mustafa Selcuk Cevik (Karizma Kule- Interior\/Exterior Landscape Project and Its Application)<\/div><\/div><div class=\"fusion-clearfix\"><\/div><div class=\"fusion-five-sixth fusion-layout-column fusion-column last spacing-yes\"><div class=\"fusion-column-wrapper\">Cemal Saruhan (Zekeriyak\u00f6y-\u00a0Villa Landscape Project and Its Application)<\/div><\/div><div class=\"fusion-clearfix\"><\/div><div class=\"fusion-five-sixth fusion-layout-column fusion-column last spacing-yes\"><div class=\"fusion-column-wrapper\">Taner Temelkuran (BTA Tekstile-\u00a0Farm Landscape Project and Its Application)<\/div><\/div><div class=\"fusion-clearfix\"><\/div><div class=\"fusion-five-sixth fusion-layout-column fusion-column last spacing-yes\"><div class=\"fusion-column-wrapper\">Ceki Dusi (Samsun\/Solaris Garden- Landscape Project)<\/div><\/div><div class=\"fusion-clearfix\"><\/div><div class=\"fusion-five-sixth fusion-layout-column fusion-column last spacing-yes\"><div class=\"fusion-column-wrapper\">Bilge Alg\u00fcl (Ormanada- Villa Landscape Project)<\/div><\/div><div class=\"fusion-clearfix\"><\/div><div class=\"fusion-five-sixth fusion-layout-column fusion-column last spacing-yes\"><div class=\"fusion-column-wrapper\">Mustafa Y\u0131lmaz (Adres Yal\u0131kavak- Villa Landscape Project)<\/div><\/div><div class=\"fusion-clearfix\"><\/div><div class=\"fusion-five-sixth fusion-layout-column fusion-column last spacing-yes\"><div class=\"fusion-column-wrapper\">Fatih Atalay (Corlu\/Toryum- Villa Landscape Project)<\/div><\/div><div class=\"fusion-clearfix\"><\/div><div class=\"fusion-five-sixth fusion-layout-column fusion-column last spacing-yes\"><div class=\"fusion-column-wrapper\">Nevin Akcelik (Club Nena Hotel- Landscape Project)<\/div><\/div><div class=\"fusion-clearfix\"><\/div><div class=\"fusion-five-sixth fusion-layout-column fusion-column last spacing-yes\"><div class=\"fusion-column-wrapper\">Four Seasons Bosphorus Hotel (Landscape Project)<\/div><\/div><div class=\"fusion-clearfix\"><\/div><div class=\"fusion-five-sixth fusion-layout-column fusion-column last spacing-yes\"><div class=\"fusion-column-wrapper\">Ritz Carlton Hotel (Landscape Project)<\/div><\/div><div class=\"fusion-clearfix\"><\/div><div class=\"fusion-five-sixth fusion-layout-column fusion-column last spacing-yes\"><div class=\"fusion-column-wrapper\">Narin Akcelik (Qent Villas- Interior Planting)<\/div><\/div><div class=\"fusion-clearfix\"><\/div><div class=\"fusion-five-sixth fusion-layout-column fusion-column last spacing-yes\"><div class=\"fusion-column-wrapper\">Y\u0131lmaz Aydogan (Villa\u00a0Landscape Project)<\/div><\/div><div class=\"fusion-clearfix\"><\/div><div class=\"fusion-five-sixth fusion-layout-column fusion-column last spacing-yes\"><div class=\"fusion-column-wrapper\">Akcelik Mining (Terrace Garden Landscape Project and Its Application)<\/div><\/div><div class=\"fusion-clearfix\"><\/div><div class=\"fusion-five-sixth fusion-layout-column fusion-column last spacing-yes\"><div class=\"fusion-column-wrapper\">Metin G\u00fcl (Tema Park- Interior Design Consultancy)<\/div><\/div><div class=\"fusion-clearfix\"><\/div><div class=\"fusion-five-sixth fusion-layout-column fusion-column last spacing-yes\"><div class=\"fusion-column-wrapper\">Sad\u0131k \u00d6zg\u00fcr (Kale Holding- Coban Farm Landscape Project and Its Application)<\/div><\/div><div class=\"fusion-clearfix\"><\/div><div class=\"fusion-five-sixth fusion-layout-column fusion-column last spacing-yes\"><div class=\"fusion-column-wrapper\">Saruhan Gusto (Etiler Restaurant- Interior Planting)<\/div><\/div><div class=\"fusion-clearfix\"><\/div><div class=\"fusion-five-sixth fusion-layout-column fusion-column last spacing-yes\"><div class=\"fusion-column-wrapper\">H\u00fcseyin G\u00fcltekin (Yimtas Engineering- Villa\u00a0Lanscape Project and Its Application)<\/div><\/div><div class=\"fusion-clearfix\"><\/div><div class=\"fusion-five-sixth fusion-layout-column fusion-column last spacing-yes\"><div class=\"fusion-column-wrapper\">M\u00fccahit Artar (Artar Tekstile- Farm Landscape Project and Its Application)<\/div><\/div><div class=\"fusion-clearfix\"><\/div><div class=\"fusion-five-sixth fusion-layout-column fusion-column last spacing-yes\"><div class=\"fusion-column-wrapper\">Recai Bey (Marina Premium- Villa\u00a0Landscape Project)<\/div><\/div><div class=\"fusion-clearfix\"><\/div><div class=\"fusion-five-sixth fusion-layout-column fusion-column last spacing-yes\"><div class=\"fusion-column-wrapper\">Duygu Tunc (Arcadia Blue Hotel-\u00a0Terrace Landscape Project and Its Application)<\/div><\/div><div class=\"fusion-clearfix\"><\/div><div class=\"fusion-five-sixth fusion-layout-column fusion-column last spacing-yes\"><div class=\"fusion-column-wrapper\">S\u00fcleyman D\u00fcndar (D\u00fcndar Tekstile- D\u00fcndar Farm Landscape Project and Its Application)<\/div><\/div><div class=\"fusion-clearfix\"><\/div><div class=\"fusion-five-sixth fusion-layout-column fusion-column last spacing-yes\"><div class=\"fusion-column-wrapper\">Mehmet Onur (Raydolap General Directorate- Landscape Project and Its Application)<\/div><\/div><div class=\"fusion-clearfix\"><\/div><div class=\"fusion-five-sixth fusion-layout-column fusion-column last spacing-yes\"><div class=\"fusion-column-wrapper\">Kenan K\u0131z\u0131ltan (Kale Kilit Kavakl\u0131- Villa Landscape Project and Its Application)<\/div><\/div><div class=\"fusion-clearfix\"><\/div><div class=\"fusion-five-sixth fusion-layout-column fusion-column last spacing-yes\"><div class=\"fusion-column-wrapper\">Ugur Uslu (Alkent 2000- Villa\u00a0Landscape Project and Its Application)<\/div><\/div><div class=\"fusion-clearfix\"><\/div><div class=\"fusion-five-sixth fusion-layout-column fusion-column last spacing-yes\"><div class=\"fusion-column-wrapper\">B\u00fcnyamin Bey ( Jakkoplast- Factory\u00a0Landscape Project and Its Application)<\/div><\/div><div class=\"fusion-clearfix\"><\/div><div class=\"fusion-five-sixth fusion-layout-column fusion-column last spacing-yes\"><div class=\"fusion-column-wrapper\">Cemil Mar (Ce-Mar Sirketler Grubu- Cemil Bey Farm\u00a0Landscape Project and Its Application)<\/div><\/div><div class=\"fusion-clearfix\"><\/div><div class=\"fusion-five-sixth fusion-layout-column fusion-column last spacing-yes\"><div class=\"fusion-column-wrapper\">Hakan Akbal\u0131k (Studio Akbal\u0131k-\u00a0Landscape Project and Its Application)<\/div><\/div><div class=\"fusion-clearfix\"><\/div><div class=\"fusion-five-sixth fusion-layout-column fusion-column last spacing-yes\"><div class=\"fusion-column-wrapper\">AkcanSA (Cement Industry- Landscape Project and Its Application)<\/div><\/div><div class=\"fusion-clearfix\"><\/div><div class=\"fusion-five-sixth fusion-layout-column fusion-column last spacing-yes\"><div class=\"fusion-column-wrapper\">Cengiz Polat (Poletto Shoes-\u00a0Landscape Project and Its Application)<\/div><\/div><div class=\"fusion-clearfix\"><\/div><div class=\"fusion-five-sixth fusion-layout-column fusion-column last spacing-yes\"><div class=\"fusion-column-wrapper\">Mehmet Yagmur (Ilk Ad\u0131m Group\/Catalca- Farm\u00a0Landscape Project and Its Application)<\/div><\/div><div class=\"fusion-clearfix\"><\/div><div class=\"fusion-five-sixth fusion-layout-column fusion-column last spacing-yes\"><div class=\"fusion-column-wrapper\">H\u00fcseyin Uslu (Fabrika Emek Group- Landscape Project and Its Application)<\/div><\/div><div class=\"fusion-clearfix\"><\/div><div class=\"fusion-five-sixth fusion-layout-column fusion-column last spacing-yes\"><div class=\"fusion-column-wrapper\">Billur Yap\u0131 (Landscape Project and Its Application)<\/div><\/div><div class=\"fusion-clearfix\"><\/div><div class=\"fusion-five-sixth fusion-layout-column fusion-column last spacing-yes\"><div class=\"fusion-column-wrapper\">Osman Uslu (Sinpas- Pasa\u00a0Villas Landscape Project and Its Application)<\/div><\/div><div class=\"fusion-clearfix\"><\/div><div class=\"fusion-five-sixth fusion-layout-column fusion-column last spacing-yes\"><div class=\"fusion-column-wrapper\">Ahmet Bing\u00f6l (Florya- Ziya Sark Sofras\u0131 Landscape Application)<\/div><\/div><div class=\"fusion-clearfix\"><\/div><div class=\"fusion-five-sixth fusion-layout-column fusion-column last spacing-yes\"><div class=\"fusion-column-wrapper\">Eksiogullar\u0131 (Kurtk\u00f6y- 16 Villa Landscape Project Application)<\/div><\/div><div class=\"fusion-clearfix\"><\/div><div class=\"fusion-five-sixth fusion-layout-column fusion-column last spacing-yes\"><div class=\"fusion-column-wrapper\">Mahmut Bing\u00f6l (Fatih Ziya Sark\/Kebapc\u0131 Mahmut- Landscape Project Application)<\/div><\/div><div class=\"fusion-clearfix\"><\/div><div class=\"fusion-five-sixth fusion-layout-column fusion-column last spacing-yes\"><div class=\"fusion-column-wrapper\">Harun Kad\u0131oglu (Artgen- Sivas Divrigi Devlet\u00a0Hastanesi Landscape Project Application)<\/div><\/div><div class=\"fusion-clearfix\"><\/div><div class=\"fusion-five-sixth fusion-layout-column fusion-column last spacing-yes\"><div class=\"fusion-column-wrapper\">\u00d6mer Bey (R\u00f6mer- Sivas Divrigi \u00d6grenci\u00a0Dormitory Landscape Project and Its Application)<\/div><\/div><div class=\"fusion-clearfix\"><\/div><div class=\"fusion-five-sixth fusion-layout-column fusion-column last spacing-yes\"><div class=\"fusion-column-wrapper\">Selahattin Bulut (Villa Landscape Project and Its Application)<\/div><\/div><div class=\"fusion-clearfix\"><\/div><div class=\"fusion-five-sixth fusion-layout-column fusion-column last spacing-yes\"><div class=\"fusion-column-wrapper\">Yimtas (Besiktas- Landscape Project and Its Application)<\/div><\/div><div class=\"fusion-clearfix\"><\/div><div class=\"fusion-five-sixth fusion-layout-column fusion-column last spacing-yes\"><div class=\"fusion-column-wrapper\">Ibrahim T\u00fctenyurt\u00a0(Master Architect &#8211; Project Partnership)<\/div><\/div><div class=\"fusion-clearfix\"><\/div><div class=\"fusion-five-sixth fusion-layout-column fusion-column last spacing-yes\"><div class=\"fusion-column-wrapper\">Murat Portakal (Por\u00e7it\/Architect- Project Partnership)<\/div><\/div><div class=\"fusion-clearfix\"><\/div><div class=\"fusion-five-sixth fusion-layout-column fusion-column last spacing-yes\"><div class=\"fusion-column-wrapper\">Savas Ercan (Mimsa Yap\u0131\/Architect- Project Partnership)<\/div><\/div><div class=\"fusion-clearfix\"><\/div><div class=\"fusion-five-sixth fusion-layout-column fusion-column last spacing-yes\"><div class=\"fusion-column-wrapper\">Z\u00fclal Yayla (MBZ Construction- Irak Vadi\u00a0Project Partnership)<\/div><\/div><div class=\"fusion-clearfix\"><\/div><div class=\"fusion-five-sixth fusion-layout-column fusion-column last spacing-yes\"><div class=\"fusion-column-wrapper\">\u00d6zortaklar Construction (Project Partnership)<\/div><\/div><div class=\"fusion-clearfix\"><\/div><div class=\"fusion-five-sixth fusion-layout-column fusion-column last spacing-yes\"><div class=\"fusion-column-wrapper\">Koray G\u00fczdemir (Estate Agency\u00a0Landscape Planning)<\/div><\/div><div class=\"fusion-clearfix\"><\/div><div class=\"fusion-five-sixth fusion-layout-column fusion-column last spacing-yes\"><div class=\"fusion-column-wrapper\">TRT (G\u00fclben Ergen Programme Studio Design)<\/div><\/div><div class=\"fusion-clearfix\"><\/div><div class=\"fusion-five-sixth fusion-layout-column fusion-column last spacing-yes\"><div class=\"fusion-column-wrapper\">Ceyhan Kalafat (Ulus Yap\u0131- Landscape Project)<\/div><\/div><div class=\"fusion-clearfix\"><\/div><div class=\"fusion-five-sixth fusion-layout-column fusion-column last spacing-yes\"><div class=\"fusion-column-wrapper\">Metin Atasoy (Decorative Pool Project)<\/div><\/div><div class=\"fusion-clearfix\"><\/div><div class=\"fusion-five-sixth fusion-layout-column fusion-column last spacing-yes\"><div class=\"fusion-column-wrapper\">Necip \u00d6z\u00a0 (Cantak\u00f6y- Farm Planning Project)<\/div><\/div><div class=\"fusion-clearfix\"><\/div><div class=\"fusion-five-sixth fusion-layout-column fusion-column last spacing-yes\"><div class=\"fusion-column-wrapper\">Yasin Okutan (Etiler- Landscape Design)<\/div><\/div><div class=\"fusion-clearfix\"><\/div><div class=\"fusion-five-sixth fusion-layout-column fusion-column last spacing-yes\"><div class=\"fusion-column-wrapper\">Ahmet Naci Bey (Kumburgaz- Landscape Project)<\/div><\/div><div class=\"fusion-clearfix\"><\/div><div class=\"fusion-five-sixth fusion-layout-column fusion-column last spacing-yes\"><div class=\"fusion-column-wrapper\">Mehmet Akat (Park Village- Landscape Project)<\/div><\/div><div class=\"fusion-clearfix\"><\/div><div class=\"fusion-five-sixth fusion-layout-column fusion-column last spacing-yes\"><div class=\"fusion-column-wrapper\">Coskun Bey (Idealist Residence- Landscape Project)<\/div><\/div><div class=\"fusion-clearfix\"><\/div><div class=\"fusion-five-sixth fusion-layout-column fusion-column last spacing-yes\"><div class=\"fusion-column-wrapper\">Cengiz \u00d6zek (Teracce Garden Design)<\/div><\/div><div class=\"fusion-clearfix\"><\/div><div class=\"fusion-five-sixth fusion-layout-column fusion-column last spacing-yes\"><div class=\"fusion-column-wrapper\">Elif Sisman (Sealybria- Landscape Project)<\/div><\/div><div class=\"fusion-clearfix\"><\/div><div class=\"fusion-five-sixth fusion-layout-column fusion-column last spacing-yes\"><div class=\"fusion-column-wrapper\">Ciftci Tv &#8211; Landscape and Plant Programme Coordinatorship<\/div><\/div><div class=\"fusion-clearfix\"><\/div><div class=\"fusion-five-sixth fusion-layout-column fusion-column last spacing-yes\"><div class=\"fusion-column-wrapper\">Uzman Tv &#8211; Landscape and Garden Programme Coordinatorship<\/div><\/div><div class=\"fusion-clearfix\"><\/div><div class=\"fusion-five-sixth fusion-layout-column fusion-column last spacing-yes\"><div class=\"fusion-column-wrapper\">Erdogan Atalay (Farm Landscape Area Maintenance Consulting)<\/div><\/div><div class=\"fusion-clearfix\"><\/div><div class=\"fusion-five-sixth fusion-layout-column fusion-column last spacing-yes\"><div class=\"fusion-column-wrapper\">H\u00fclya G\u00fcrdamar &#8211; G\u00fczelsehir Villa Landscape Consultancy<\/div><\/div><div class=\"fusion-clearfix\"><\/div><div class=\"fusion-five-sixth fusion-layout-column fusion-column last spacing-yes\"><div class=\"fusion-column-wrapper\">AND Pastel &#8211; Consultancy<\/div><\/div><div class=\"fusion-clearfix\"><\/div><div class=\"fusion-five-sixth fusion-layout-column fusion-column last spacing-yes\"><div class=\"fusion-column-wrapper\">H\u00fcseyin Bey &#8211; Istanbul HB Farm Consultancy<\/div><\/div><div class=\"fusion-clearfix\"><\/div><div class=\"fusion-five-sixth fusion-layout-column fusion-column last spacing-yes\"><div class=\"fusion-column-wrapper\">Rezzan Han\u0131m &#8211; Sealybria Consultancy<\/div><\/div><div class=\"fusion-clearfix\"><\/div><div class=\"fusion-five-sixth fusion-layout-column fusion-column last spacing-yes\"><div class=\"fusion-column-wrapper\">Inci Aksoy &#8211; Ekav Art Gallery<\/div><\/div><div class=\"fusion-clearfix\"><\/div><div class=\"fusion-five-sixth fusion-layout-column fusion-column last spacing-yes\"><div class=\"fusion-column-wrapper\">BOSCH \u00a0\u2018310 Ad\u0131mda Bahce \u2018\u00a0Book Sponsorship<\/div><\/div><div class=\"fusion-clearfix\"><\/div><div class=\"fusion-five-sixth fusion-layout-column fusion-column last spacing-yes\"><div class=\"fusion-column-wrapper\">Eczac\u0131bas\u0131 Baxter\u00a0Corporate Training<\/div><\/div><div class=\"fusion-clearfix\"><\/div><div class=\"fusion-five-sixth fusion-layout-column fusion-column last spacing-yes\"><div class=\"fusion-column-wrapper\">Doga Koleji Coorporate Training<\/div><\/div><div class=\"fusion-clearfix\"><\/div><div class=\"fusion-five-sixth fusion-layout-column fusion-column last spacing-yes\"><div class=\"fusion-column-wrapper\">Bah\u00e7e\u015fehir Koleji\u00a0 Coorporate Training<\/div><\/div><div class=\"fusion-clearfix\"><\/div><div class=\"fusion-five-sixth fusion-layout-column fusion-column last spacing-yes\"><div class=\"fusion-column-wrapper\">Fatma Erkul (Sealybria- Landscape Revision Project)<\/div><\/div><div class=\"fusion-clearfix\"><\/div><div class=\"fusion-five-sixth fusion-layout-column fusion-column last spacing-yes\"><div class=\"fusion-column-wrapper\">\u00d6mer Bey (Bah\u00e7e\u015fehir- Villa Landscape Revision)<\/div><\/div><div class=\"fusion-clearfix\"><\/div><div class=\"fusion-five-sixth fusion-layout-column fusion-column last spacing-yes\"><div class=\"fusion-column-wrapper\">Yar Cafe (Landscape Revision)<\/div><\/div><div class=\"fusion-clearfix\"><\/div><div class=\"fusion-five-sixth fusion-layout-column fusion-column last spacing-yes\"><div class=\"fusion-column-wrapper\">Golden Park Beylikd\u00fcz\u00fc\u00a0Landscape Project Revision<\/div><\/div><div class=\"fusion-clearfix\"><\/div><div class=\"fusion-five-sixth fusion-layout-column fusion-column last spacing-yes\"><div class=\"fusion-column-wrapper\">ITU (Istanbul Technical University) Landscape Area Maintenance<\/div><\/div><div class=\"fusion-clearfix\"><\/div><div class=\"fusion-fullwidth fullwidth-box\" style=\"background-color:#242424;background-attachment:scroll;background-position:left top;background-repeat:no-repeat;-webkit-background-size:cover;-moz-background-size:cover;-o-background-size:cover;background-size:cover;border-color:#3e3e3e;border-bottom-width: 0px;border-top-width: 0px;border-bottom-style: solid;border-top-style: solid;padding-bottom:20px;padding-left:0px;padding-right:0px;padding-top:20px;\"><div class=\"avada-row\"><\/div><\/div>\n","protected":false},"excerpt":{"rendered":"","protected":false},"author":1,"featured_media":0,"parent":0,"menu_order":0,"comment_status":"open","ping_status":"closed","template":"","meta":[],"_links":{"self":[{"href":"https:\/\/aytultemiz.com\/site\/wp-json\/wp\/v2\/pages\/11072"}],"collection":[{"href":"https:\/\/aytultemiz.com\/site\/wp-json\/wp\/v2\/pages"}],"about":[{"href":"https:\/\/aytultemiz.com\/site\/wp-json\/wp\/v2\/types\/page"}],"author":[{"embeddable":true,"href":"https:\/\/aytultemiz.com\/site\/wp-json\/wp\/v2\/users\/1"}],"replies":[{"embeddable":true,"href":"https:\/\/aytultemiz.com\/site\/wp-json\/wp\/v2\/comments?post=11072"}],"version-history":[{"count":28,"href":"https:\/\/aytultemiz.com\/site\/wp-json\/wp\/v2\/pages\/11072\/revisions"}],"predecessor-version":[{"id":12605,"href":"https:\/\/aytultemiz.com\/site\/wp-json\/wp\/v2\/pages\/11072\/revisions\/12605"}],"wp:attachment":[{"href":"https:\/\/aytultemiz.com\/site\/wp-json\/wp\/v2\/media?parent=11072"}],"curies":[{"name":"wp","href":"https:\/\/api.w.org\/{rel}","templated":true}]}}