{"id":11096,"date":"2015-03-12T10:27:13","date_gmt":"2015-03-12T10:27:13","guid":{"rendered":"http:\/\/aytultemiz.com\/site\/?page_id=11096"},"modified":"2018-01-30T10:50:44","modified_gmt":"2018-01-30T10:50:44","slug":"hakkimizda","status":"publish","type":"page","link":"https:\/\/aytultemiz.com\/site\/hakkimizda\/","title":{"rendered":"Hakk\u0131m\u0131zda"},"content":{"rendered":"<div class=\"fusion-fullwidth fullwidth-box\" style=\"background-color:#242424;background-attachment:scroll;background-position:left top;background-repeat:no-repeat;-webkit-background-size:cover;-moz-background-size:cover;-o-background-size:cover;background-size:cover;border-color:#3e3e3e;border-bottom-width: 0px;border-top-width: 0px;border-bottom-style: solid;border-top-style: solid;padding-bottom:20px;padding-left:0px;padding-right:0px;padding-top:20px;\"><div class=\"avada-row\"><span class=\"fusion-imageframe imageframe imageframe-none imageframe-1\"> <img alt=\"\" src=\"http:\/\/aytultemiz.com\/site\/wp-content\/uploads\/2015\/03\/hakkimizda-e14273886294862.jpg\" class=\"img-responsive\" \/><\/span><\/div><\/div><div class=\"fusion-sep-clear\"><\/div><div class=\"fusion-separator fusion-full-width-sep sep-none\" style=\"border-color:#3e3e3e;margin-top:30px;margin-bottom:30px;\"><\/div><div class=\"fusion-title title\"><h2 class=\"title-heading-left\">B\u0130Z K\u0130M\u0130Z ?<\/h2><div class=\"title-sep-container\"><div class=\"title-sep sep-double\"><\/div><\/div><\/div><div class=\"fusion-fullwidth fullwidth-box\" style=\"background-color:#242424;background-attachment:scroll;background-position:left top;background-repeat:no-repeat;-webkit-background-size:cover;-moz-background-size:cover;-o-background-size:cover;background-size:cover;border-color:#3e3e3e;border-bottom-width: 0px;border-top-width: 0px;border-bottom-style: solid;border-top-style: solid;padding-bottom:20px;padding-left:0px;padding-right:0px;padding-top:20px;\"><div class=\"avada-row\"><div class=\"fusion-content-boxes content-boxes columns fusion-columns-1 fusion-content-boxes-1 content-boxes-icon-with-title row content-left\"><div class=\"fusion-column content-box-column content-box-column-1 col-lg-12 col-md-12 col-sm-12\"><div class=\"col content-wrapper\"><div class=\"heading icon-left icon-small\"><\/div><div class=\"fusion-clearfix\"><\/div><div class=\"content-container icon-small\">  Ayt\u00fcl Temiz Bah\u00e7e Mimari ve M\u00fchendislik Hizmetleri; Peyzaj tasar\u0131m\u0131 ve uygulamalar\u0131 alan\u0131nda hizmet veren \u0130stanbul merkezli bir \u015firkettir. Konusunda uzman mimarlar, m\u00fchendis ve tekniker kadrosuyla peyzaj alanlar\u0131n\u0131n iki ve i\u00e7 boyutlu tasar\u0131mlar\u0131n\u0131n yap\u0131lmas\u0131, tasar\u0131mlar\u0131n aplikasyon projelerinin haz\u0131rlanmas\u0131 ve projelerin en do\u011fru \u015fekilde uygulanmas\u0131 i\u00e7in anahtar teslim \u00e7al\u0131\u015fma anlay\u0131\u015f\u0131yla her a\u015famay\u0131 m\u00fc\u015fterileriyle koordinasyon halinde y\u00f6netmektedir. Kurumsal in\u015faat \u015firketleriyle peyzaj alanlar\u0131 i\u00e7in \u00e7\u00f6z\u00fcm ortakl\u0131\u011f\u0131, \u015fah\u0131slara ait bah\u00e7e alanlar\u0131nda ki\u015fiye \u00f6zel projeler yap\u0131lmas\u0131, i\u00e7 ve d\u0131\u015f mekan saks\u0131 bitkilendirmeleri, \u00e7e\u015fitli teras ve \u00e7at\u0131 bah\u00e7elerinin planlanmas\u0131, restaurant, otel ve kafe gibi d\u0131\u015f ve i\u00e7 kullan\u0131m alanlar\u0131nda tasar\u0131m\u0131n olduk\u00e7a \u00f6nemli oldu\u011fu yerlerde m\u00fc\u015fteri memnuniyetini art\u0131r\u0131c\u0131 profesyonel \u00e7\u00f6z\u00fcmler \u00fcretmek \u00f6ncelikli konular\u0131m\u0131z aras\u0131ndad\u0131r.Amac\u0131m\u0131z; kaliteden taviz vermeyen \u00f6zg\u00fcn tasar\u0131mlar\u0131m\u0131zla birlikte huzurlu, mutlu ve konforlu ye\u015fil ya\u015fam alanlar\u0131 olu\u015fturmakt\u0131r. <\/div><\/div><\/div><div class=\"fusion-clearfix\"><\/div><div class=\"fusion-clearfix\"><\/div><\/div><\/div><\/div><div class=\"fusion-sep-clear\"><\/div><div class=\"fusion-separator fusion-full-width-sep sep-none\" style=\"border-color:#3e3e3e;margin-top:10px;margin-bottom:10px;\"><\/div><div class=\"fusion-title title\"><h2 class=\"title-heading-left\">KURUCUMUZ<\/h2><div class=\"title-sep-container\"><div class=\"title-sep sep-double\"><\/div><\/div><\/div><div class=\"fusion-fullwidth fullwidth-box\" style=\"background-color:#242424;background-attachment:scroll;background-position:left top;background-repeat:no-repeat;-webkit-background-size:cover;-moz-background-size:cover;-o-background-size:cover;background-size:cover;border-color:#3e3e3e;border-bottom-width: 0px;border-top-width: 0px;border-bottom-style: solid;border-top-style: solid;padding-bottom:20px;padding-left:0px;padding-right:0px;padding-top:20px;\"><div class=\"avada-row\"><div class=\"fusion-content-boxes content-boxes columns fusion-columns-1 fusion-content-boxes-2 content-boxes-icon-with-title row content-left\"><div class=\"fusion-column content-box-column content-box-column-1 col-lg-12 col-md-12 col-sm-12\"><div class=\"col content-wrapper\"><div class=\"heading icon-left icon-small\"><\/div><div class=\"fusion-clearfix\"><\/div><div class=\"content-container icon-small\"> \u0130htisas\u0131n\u0131 \u0130stanbul \u00dcniversitesi\u2019nde tamamlam\u0131\u015ft\u0131r. \u00d6\u011frenimine \u0130stanbul \u00dcniversitesi Fen Bilimleri Enstit\u00fcs\u00fc\u2019nde devam ederken &#8221;peyzaj i\u015fletmelerinde \u00f6rg\u00fct yap\u0131lar\u0131&#8221; ile ilgili y\u00fcksek lisans tezi yazmakta olup, &#8216;310 Ad\u0131mda Yeni Ba\u015flayanlar \u0130\u00e7in Bah\u00e7e&#8217; isimli kitab\u0131n 2012 y\u0131l\u0131nda Bosch sponsorlu\u011funda yazarl\u0131\u011f\u0131n\u0131 yaparak binlerce ki\u015fiye ula\u015fm\u0131\u015ft\u0131r. Peyzaj\u0131n temel \u00f6\u011felerini anlatt\u0131\u011f\u0131 160 sayfal\u0131k kitapta; bah\u00e7e tasar\u0131m\u0131, bitkiler, bah\u00e7e bak\u0131m\u0131, sebzecilik, sulama sistemi, ayd\u0131nlatma sistemi, s\u00fcs havuzlar\u0131 ve \u015fifal\u0131 bitkiler gibi konular hakk\u0131nda bilgiler vermi\u015ftir. Show Tv, Fox Tv, Bloomberg Ht, Beyaztv, Tvem, Trt1, Bereket tv, Kanal 7, \u00c7ift\u00e7i TV, Business Channel Turk ve TVnet gibi bir\u00e7ok TV kanal\u0131nda ve Radikal, A\u00e7\u0131k Gazete, Acaba gazetesi ve Alem dergisi gibi bas\u0131n kurulu\u015flar\u0131nda bah\u00e7e ve bitkiler \u00fczerine uzman olarak canl\u0131 yay\u0131n ve r\u00f6portajlar ger\u00e7ekle\u015ftirmi\u015ftir. Uzmantv de yine t\u00fcm bu konular\u0131 kapsayan bilgi i\u00e7erikli videolar \u00fcreterek milyonlarca ki\u015fi taraf\u0131ndan izlenmi\u015ftir. \u00c7e\u015fitli e\u011fitim kurumlar\u0131nda (Do\u011fa Koleji, Bah\u00e7e\u015fehir Koleji, K\u00fc\u00e7\u00fck \u015eeyler Anaokulu, Fark Koleji vb.) \u00f6\u011frencilere bitki ve \u00e7evre \u00fczerine paneller ger\u00e7ekle\u015ftirip, \u00f6zel sekt\u00f6rde faaliyet g\u00f6steren kurumsal firmalar\u0131n (Eczac\u0131ba\u015f\u0131 Holding Baxter Firmas\u0131 vb) y\u00f6neticilerine bitki ve dekorasyon seminerleri vermi\u015ftir. Butik ve b\u00fcy\u00fck \u00e7apl\u0131 bir\u00e7ok kamu ve \u00f6zel m\u00fclkiyete ait peyzaj projesinin tasar\u0131m ve uygulama a\u015famalar\u0131nda yer alm\u0131\u015ft\u0131r. Sosyal payla\u015f\u0131m platformlar\u0131nda \u2018Bitki Uzman\u0131 Ayt\u00fcl Temiz\u2019 sayfas\u0131nda binlerce takip\u00e7isine, do\u011fa severler i\u00e7in \u00e7e\u015fitli bitkisel i\u00e7erikli bilgiler vererek, peyzaj \u00e7al\u0131\u015fmalar\u0131n\u0131 payla\u015fmaktad\u0131r. \u0130leri derecede \u0130ngilizce ve bir\u00e7ok \u00e7izim-tasar\u0131m program\u0131 bilmektedir. Uzmanl\u0131\u011f\u0131yla alakal\u0131 pek \u00e7ok sertifikaya sahip olup, \u00e7e\u015fitli workshoplara kat\u0131lm\u0131\u015ft\u0131r. 2014 y\u0131l\u0131 Ocak ay\u0131nda Koruncuk Vakf\u0131 (Korunmaya Muhta\u00e7 \u00c7ocuklar Vakf\u0131) yarar\u0131na \u00e7\u0131kan \u2018Alacal\u0131 Ebruliler\u2019 isimli kitab\u0131n \u015fairidir ve \u00e7e\u015fitli edebiyat dergileri (Deyi\u015f dergisi vb.) ile \u00e7al\u0131\u015fm\u0131\u015ft\u0131r. Ayn\u0131 zamanda Koruncuk Vakf\u0131\u2019na gelirini ba\u011f\u0131\u015flad\u0131\u011f\u0131 \u015fiir kitab\u0131n\u0131n tan\u0131t\u0131m\u0131na destek olmak amac\u0131yla radyo program\u0131 yapm\u0131\u015ft\u0131r. \u0130ndeks \u0130leti\u015fim \u2018\u0130\u00e7erik Fabrikas\u0131\u2019 b\u00fcnyesinde bah\u00e7e, bitki ve dekorasyon konular\u0131nda makaleler yazmaktad\u0131r. 2014-2015 TV sezonu boyunca herg\u00fcn \u2018Ayt\u00fcl\u2019le Bah\u00e7e D\u00fcnyas\u0131\u2019 ve \u2018\u00c7i\u00e7ekler Diyar\u0131\u2019 isimli iki ayr\u0131 TV program\u0131n\u0131n \u00c7ift\u00e7i Tv\u2019de sunuculu\u011funu ve edit\u00f6rl\u00fc\u011f\u00fcn\u00fc \u00fcstlenmi\u015ftir. Peyzaj \u00e7al\u0131\u015fmalar\u0131na be\u015f y\u0131ld\u0131r \u2018Ayt\u00fcl Temiz Bah\u00e7e Tasar\u0131m\u0131\u2019 \u015firketinin genel m\u00fcd\u00fcr\u00fc olarak devam etmektedir.<\/div><\/div><\/div><div class=\"fusion-clearfix\"><\/div><div class=\"fusion-clearfix\"><\/div><\/div><\/div><\/div><div class=\"fusion-sep-clear\"><\/div><div class=\"fusion-separator fusion-full-width-sep sep-none\" style=\"border-color:#3e3e3e;margin-top:10px;margin-bottom:10px;\"><\/div><div class=\"fusion-title title\"><h2 class=\"title-heading-left\">\u00c7ALI\u015eMA KONULARIMIZ<\/h2><div class=\"title-sep-container\"><div class=\"title-sep sep-double\"><\/div><\/div><\/div><div class=\"fusion-two-fifth fusion-layout-column fusion-column spacing-yes\"><div class=\"fusion-column-wrapper\"><ul class=\"fusion-checklist\"><li class=\"fusion-li-item size-small\"><span style=\"background-color:#a0ce4e;\" class=\"icon-wrapper circle-yes\"><i class=\"fusion-li-icon fa fa-star-o\" style=\"color:#ffffff;\"><\/i><\/span><div class=\"fusion-li-item-content\">Bitkilendirme projesi ve uygulamas\u0131<\/div><\/li><li class=\"fusion-li-item size-small\"><span style=\"background-color:#a0ce4e;\" class=\"icon-wrapper circle-yes\"><i class=\"fusion-li-icon fa fa-star-o\" style=\"color:#ffffff;\"><\/i><\/span><div class=\"fusion-li-item-content\">Sulama sistemi projesi ve uygulamas\u0131<\/div><\/li><li class=\"fusion-li-item size-small\"><span style=\"background-color:#a0ce4e;\" class=\"icon-wrapper circle-yes\"><i class=\"fusion-li-icon fa fa-star-o\" style=\"color:#ffffff;\"><\/i><\/span><div class=\"fusion-li-item-content\">Bah\u00e7e ayd\u0131nlatma projesi ve uygulamas\u0131<\/div><\/li><li class=\"fusion-li-item size-small\"><span style=\"background-color:#a0ce4e;\" class=\"icon-wrapper circle-yes\"><i class=\"fusion-li-icon fa fa-star-o\" style=\"color:#ffffff;\"><\/i><\/span><div class=\"fusion-li-item-content\">Drenaj projesi ve uygulamas\u0131<\/div><\/li><li class=\"fusion-li-item size-small\"><span style=\"background-color:#a0ce4e;\" class=\"icon-wrapper circle-yes\"><i class=\"fusion-li-icon fa fa-star-o\" style=\"color:#ffffff;\"><\/i><\/span><div class=\"fusion-li-item-content\">Sert zemin projesi ve uygulamas\u0131<\/div><\/li><li class=\"fusion-li-item size-small\"><span style=\"background-color:#a0ce4e;\" class=\"icon-wrapper circle-yes\"><i class=\"fusion-li-icon fa fa-star-o\" style=\"color:#ffffff;\"><\/i><\/span><div class=\"fusion-li-item-content\">Rulo-tohum \u00e7im planlamas\u0131 ve uygulamas\u0131<\/div><\/li><li class=\"fusion-li-item size-small\"><span style=\"background-color:#a0ce4e;\" class=\"icon-wrapper circle-yes\"><i class=\"fusion-li-icon fa fa-star-o\" style=\"color:#ffffff;\"><\/i><\/span><div class=\"fusion-li-item-content\">S\u00fcs Havuzu tasar\u0131m\u0131 ve uygulamas\u0131<\/div><\/li><li class=\"fusion-li-item size-small\"><span style=\"background-color:#a0ce4e;\" class=\"icon-wrapper circle-yes\"><i class=\"fusion-li-icon fa fa-star-o\" style=\"color:#ffffff;\"><\/i><\/span><div class=\"fusion-li-item-content\">Saks\u0131 tasar\u0131m\u0131 ve uygulamas\u0131<\/div><\/li><li class=\"fusion-li-item size-small\"><span style=\"background-color:#a0ce4e;\" class=\"icon-wrapper circle-yes\"><i class=\"fusion-li-icon fa fa-star-o\" style=\"color:#ffffff;\"><\/i><\/span><div class=\"fusion-li-item-content\">Sezonluk ve ayl\u0131k bah\u00e7e bak\u0131m\u0131<\/div><\/li><li class=\"fusion-li-item size-small\"><span style=\"background-color:#a0ce4e;\" class=\"icon-wrapper circle-yes\"><i class=\"fusion-li-icon fa fa-star-o\" style=\"color:#ffffff;\"><\/i><\/span><div class=\"fusion-li-item-content\">\u0130ki ve \u00fc\u00e7 boyutlu proje yap\u0131m\u0131<\/div><\/li><li class=\"fusion-li-item size-small\"><span style=\"background-color:#a0ce4e;\" class=\"icon-wrapper circle-yes\"><i class=\"fusion-li-icon fa fa-star-o\" style=\"color:#ffffff;\"><\/i><\/span><div class=\"fusion-li-item-content\">Peyzaj Proje &#038; Dan\u0131\u015fmanl\u0131k<\/div><\/li><\/ul>\n<\/div><\/div><div class=\"fusion-three-fifth fusion-layout-column fusion-column last spacing-yes\"><div class=\"fusion-column-wrapper\"><span class=\"fusion-imageframe imageframe imageframe-none imageframe-2\"> <img alt=\"\" src=\"http:\/\/aytultemiz.com\/site\/wp-content\/uploads\/2015\/03\/9756.jpg\" class=\"img-responsive\" \/><\/span><\/div><\/div><div class=\"fusion-clearfix\"><\/div><div class=\"fusion-sep-clear\"><\/div><div class=\"fusion-separator fusion-full-width-sep sep-none\" style=\"border-color:#3e3e3e;margin-top:10px;margin-bottom:10px;\"><\/div>\n","protected":false},"excerpt":{"rendered":"","protected":false},"author":1,"featured_media":0,"parent":0,"menu_order":0,"comment_status":"open","ping_status":"closed","template":"","meta":[],"_links":{"self":[{"href":"https:\/\/aytultemiz.com\/site\/wp-json\/wp\/v2\/pages\/11096"}],"collection":[{"href":"https:\/\/aytultemiz.com\/site\/wp-json\/wp\/v2\/pages"}],"about":[{"href":"https:\/\/aytultemiz.com\/site\/wp-json\/wp\/v2\/types\/page"}],"author":[{"embeddable":true,"href":"https:\/\/aytultemiz.com\/site\/wp-json\/wp\/v2\/users\/1"}],"replies":[{"embeddable":true,"href":"https:\/\/aytultemiz.com\/site\/wp-json\/wp\/v2\/comments?post=11096"}],"version-history":[{"count":27,"href":"https:\/\/aytultemiz.com\/site\/wp-json\/wp\/v2\/pages\/11096\/revisions"}],"predecessor-version":[{"id":13014,"href":"https:\/\/aytultemiz.com\/site\/wp-json\/wp\/v2\/pages\/11096\/revisions\/13014"}],"wp:attachment":[{"href":"https:\/\/aytultemiz.com\/site\/wp-json\/wp\/v2\/media?parent=11096"}],"curies":[{"name":"wp","href":"https:\/\/api.w.org\/{rel}","templated":true}]}}