{"id":11277,"date":"2015-03-19T16:59:50","date_gmt":"2015-03-19T16:59:50","guid":{"rendered":"http:\/\/aytultemiz.com\/site\/?page_id=11277"},"modified":"2015-03-25T19:02:45","modified_gmt":"2015-03-25T19:02:45","slug":"referanslarimizin-dusunceleri-2","status":"publish","type":"page","link":"https:\/\/aytultemiz.com\/site\/referanslarimizin-dusunceleri-2\/","title":{"rendered":"Referanslar\u0131m\u0131z\u0131n D\u00fc\u015f\u00fcnceleri"},"content":{"rendered":"","protected":false},"excerpt":{"rendered":"","protected":false},"author":1,"featured_media":0,"parent":0,"menu_order":0,"comment_status":"open","ping_status":"open","template":"","meta":[],"_links":{"self":[{"href":"https:\/\/aytultemiz.com\/site\/wp-json\/wp\/v2\/pages\/11277"}],"collection":[{"href":"https:\/\/aytultemiz.com\/site\/wp-json\/wp\/v2\/pages"}],"about":[{"href":"https:\/\/aytultemiz.com\/site\/wp-json\/wp\/v2\/types\/page"}],"author":[{"embeddable":true,"href":"https:\/\/aytultemiz.com\/site\/wp-json\/wp\/v2\/users\/1"}],"replies":[{"embeddable":true,"href":"https:\/\/aytultemiz.com\/site\/wp-json\/wp\/v2\/comments?post=11277"}],"version-history":[{"count":5,"href":"https:\/\/aytultemiz.com\/site\/wp-json\/wp\/v2\/pages\/11277\/revisions"}],"predecessor-version":[{"id":11624,"href":"https:\/\/aytultemiz.com\/site\/wp-json\/wp\/v2\/pages\/11277\/revisions\/11624"}],"wp:attachment":[{"href":"https:\/\/aytultemiz.com\/site\/wp-json\/wp\/v2\/media?parent=11277"}],"curies":[{"name":"wp","href":"https:\/\/api.w.org\/{rel}","templated":true}]}}