{"id":11287,"date":"2015-03-19T17:02:15","date_gmt":"2015-03-19T17:02:15","guid":{"rendered":"http:\/\/aytultemiz.com\/site\/?page_id=11287"},"modified":"2025-03-27T13:01:49","modified_gmt":"2025-03-27T13:01:49","slug":"roportaj-ve-yayinlar","status":"publish","type":"page","link":"https:\/\/aytultemiz.com\/site\/roportaj-ve-yayinlar\/","title":{"rendered":"R\u00f6portaj ve Yay\u0131nlar"},"content":{"rendered":"<div class=\"fusion-fullwidth fullwidth-box\" style=\"background-color:#242424;background-attachment:scroll;background-position:left top;background-repeat:no-repeat;-webkit-background-size:cover;-moz-background-size:cover;-o-background-size:cover;background-size:cover;border-color:#3e3e3e;border-bottom-width: 0px;border-top-width: 0px;border-bottom-style: solid;border-top-style: solid;padding-bottom:20px;padding-left:0px;padding-right:0px;padding-top:20px;\"><div class=\"avada-row\"><span class=\"fusion-imageframe imageframe imageframe-none imageframe-1\"> <img src=\"http:\/\/aytultemiz.com\/site\/wp-content\/uploads\/2015\/03\/iStock_000053640954XXLarge-e14280046933421.jpg\" alt=\"\" class=\"img-responsive\" \/><\/span><\/div><\/div><div class=\"fusion-one-half one_half fusion-layout-column fusion-column spacing-yes\"><div class=\"fusion-column-wrapper\"><div class=\"fusion-title title\"><h1 class=\"title-heading-left\">Yay\u0131nlar<\/h1><div class=\"title-sep-container\"><div class=\"title-sep sep-single\"><\/div><\/div><\/div><\/div><\/div><div class=\"fusion-one-half one_half fusion-layout-column fusion-column last spacing-yes\"><div class=\"fusion-column-wrapper\"><div class=\"fusion-title title\"><h1 class=\"title-heading-left\">R\u00f6portajlar<\/h1><div class=\"title-sep-container\"><div class=\"title-sep sep-single\"><\/div><\/div><\/div><\/div><\/div><div class=\"fusion-clearfix\"><\/div><div class=\"fusion-one-half one_half fusion-layout-column fusion-column spacing-yes\"><div class=\"fusion-column-wrapper\">\n<\/div><\/div><div class=\"fusion-one-half one_half fusion-layout-column fusion-column last spacing-yes\"><div class=\"fusion-column-wrapper\">26-08-2015 Tarihli Alem Dergisi R\u00f6portaj\u0131<\/p>\n<p>R\u00f6portaj\u0131 okumak i\u00e7in <a href=\"http:\/\/www.alem.com.tr\/Sohbetler\/bahce-tasarimcisi-aytul-temiz-165031\">t\u0131klay\u0131n\u0131z.<\/a><\/div><\/div><div class=\"fusion-clearfix\"><\/div><div class=\"fusion-one-half one_half fusion-layout-column fusion-column spacing-yes\"><div class=\"fusion-column-wrapper\">&#8216;310 Ad\u0131mda Bah\u00e7e&#8217; \u00a0kitab\u0131n\u0131 online sat\u0131n almak i\u00e7in <a href=\"http:\/\/www.nadirkitap.com\/310-adimda-yeni-baslayanlar-icin-bahce-yeni-bahce-sahibi-olanlar-ya-da-bahcesiyle-ilgilenmye-baslayanlar-icin-bitki-secimi-bakim-tasarim-ve-uygulama-dergi3099921.html\">t\u0131klay\u0131n\u0131z.<\/a><\/div><\/div><div class=\"fusion-one-half one_half fusion-layout-column fusion-column last spacing-yes\"><div class=\"fusion-column-wrapper\">28-07-2014 Tarihli A\u00e7\u0131k Gazete R\u00f6portaj\u0131<\/p>\n<\/div><\/div><div class=\"fusion-clearfix\"><\/div><div class=\"fusion-one-half one_half fusion-layout-column fusion-column spacing-yes\"><div class=\"fusion-column-wrapper\">&#8216;Alacal\u0131 Ebruliler&#8217; haber b\u00fclteni.<\/div><\/div><div class=\"fusion-one-half one_half fusion-layout-column fusion-column last spacing-yes\"><div class=\"fusion-column-wrapper\">16.07.2014 tarihli Radikal Gazetesi R\u00f6portaj\u0131.<\/p>\n<\/div><\/div><div class=\"fusion-clearfix\"><\/div><div class=\"fusion-one-half one_half fusion-layout-column fusion-column spacing-yes\"><div class=\"fusion-column-wrapper\">Aytul Temiz&#8217;in yazd\u0131\u011f\u0131 makaleler. <\/div><\/div><div class=\"fusion-one-half one_half fusion-layout-column fusion-column last spacing-yes\"><div class=\"fusion-column-wrapper\"><span style=\"vertical-align: inherit;\"><span style=\"vertical-align: inherit;\"><span style=\"vertical-align: inherit;\"><span style=\"vertical-align: inherit;\">09.02.2019 tarihinde <\/span><\/span><\/span><\/span><span style=\"vertical-align: inherit;\"><span style=\"vertical-align: inherit;\"><span style=\"vertical-align: inherit;\"><span style=\"vertical-align: inherit;\">\u00a0Star Gazetesi R\u00f6portaj\u0131.<\/span><\/span><\/span><\/span><\/p>\n<p><span style=\"vertical-align: inherit;\"><span style=\"vertical-align: inherit;\"><span style=\"vertical-align: inherit;\"><span style=\"vertical-align: inherit;\">R\u00f6portaj\u0131 okumak i\u00e7in <\/span><\/span><\/span><\/span><a href=\"https:\/\/www.star.com.tr\/cumartesi\/yesile-hasret-sehirlere-millet-bahceleri-haber-1432634\/\"><span style=\"vertical-align: inherit;\"><span style=\"vertical-align: inherit;\"><span style=\"vertical-align: inherit;\"><span style=\"vertical-align: inherit;\">t\u0131klay\u0131n\u0131z.<\/span><\/span><\/span><\/span><\/a><\/div><\/div><div class=\"fusion-clearfix\"><\/div><div class=\"fusion-one-half one_half fusion-layout-column fusion-column last spacing-yes\"><div class=\"fusion-column-wrapper\"><\/div><\/div><div class=\"fusion-clearfix\"><\/div>\n","protected":false},"excerpt":{"rendered":"","protected":false},"author":1,"featured_media":0,"parent":0,"menu_order":0,"comment_status":"open","ping_status":"open","template":"","meta":[],"_links":{"self":[{"href":"https:\/\/aytultemiz.com\/site\/wp-json\/wp\/v2\/pages\/11287"}],"collection":[{"href":"https:\/\/aytultemiz.com\/site\/wp-json\/wp\/v2\/pages"}],"about":[{"href":"https:\/\/aytultemiz.com\/site\/wp-json\/wp\/v2\/types\/page"}],"author":[{"embeddable":true,"href":"https:\/\/aytultemiz.com\/site\/wp-json\/wp\/v2\/users\/1"}],"replies":[{"embeddable":true,"href":"https:\/\/aytultemiz.com\/site\/wp-json\/wp\/v2\/comments?post=11287"}],"version-history":[{"count":48,"href":"https:\/\/aytultemiz.com\/site\/wp-json\/wp\/v2\/pages\/11287\/revisions"}],"predecessor-version":[{"id":13072,"href":"https:\/\/aytultemiz.com\/site\/wp-json\/wp\/v2\/pages\/11287\/revisions\/13072"}],"wp:attachment":[{"href":"https:\/\/aytultemiz.com\/site\/wp-json\/wp\/v2\/media?parent=11287"}],"curies":[{"name":"wp","href":"https:\/\/api.w.org\/{rel}","templated":true}]}}