{"id":11290,"date":"2015-03-19T17:02:45","date_gmt":"2015-03-19T17:02:45","guid":{"rendered":"http:\/\/aytultemiz.com\/site\/?page_id=11290"},"modified":"2017-12-18T15:01:02","modified_gmt":"2017-12-18T15:01:02","slug":"bahce-ve-bitki-blog","status":"publish","type":"page","link":"https:\/\/aytultemiz.com\/site\/bahce-ve-bitki-blog\/","title":{"rendered":"Blog ve Haber B\u00fclteni"},"content":{"rendered":"<div class=\"fusion-one-half one_half fusion-layout-column fusion-column spacing-yes\"><div class=\"fusion-column-wrapper\" style=\"background:url(http:\/\/aytultemiz.com\/site\/wp-content\/uploads\/2015\/03\/jpg1.jpg) left top no-repeat ;-webkit-background-size:cover;-moz-background-size:cover;-o-background-size:cover;background-size:cover;\"><span class=\"fusion-imageframe imageframe imageframe-none imageframe-1\"> <img alt=\"\" src=\"http:\/\/aytultemiz.com\/site\/wp-content\/uploads\/2015\/03\/iStock_000053372322XXLarge1.jpg\" class=\"img-responsive\" \/><\/span><\/div><\/div><div class=\"fusion-one-half one_half fusion-layout-column fusion-column last spacing-yes\"><div class=\"fusion-column-wrapper\">Sitemizin bu b\u00f6l\u00fcm\u00fcnde peyzaj ile ilgili merak edilen sorular\u0131n cevaplar\u0131n\u0131, ofisimizin faaliyetlerini ve bitkiler ile alakal\u0131 detayl\u0131 g\u00f6rselleri, videolar\u0131 ve \u00e7e\u015fitli yaz\u0131lar\u0131\u00a0bulabilirsiniz&#8230;<\/p>\n<p>Bah\u00e7e Blog\u00a0i\u00e7in\u00a0<a title=\"Bah\u00e7e Blog\" href=\"http:\/\/aytultemiz.com\/site\/bahceblog\/\" target=\"_blank\">t\u0131klay\u0131n\u0131z<\/a><\/p>\n<p>Sizden Gelenler i\u00e7in\u00a0<a title=\"Sizden Gelenler\" href=\"http:\/\/aytultemiz.com\/site\/sizden-gelenler\/\" target=\"_blank\">t\u0131klay\u0131n\u0131z<\/a><\/p>\n<p>Haber B\u00fclteni\u00a0i\u00e7in\u00a0<a title=\"Haber B\u00fclteni\" href=\"http:\/\/aytultemiz.com\/site\/haber-bulteni\/\" target=\"_blank\">t\u0131klay\u0131n\u0131z<\/a><\/div><\/div><div class=\"fusion-clearfix\"><\/div>\n<h2><\/h2>\n\n","protected":false},"excerpt":{"rendered":"","protected":false},"author":1,"featured_media":0,"parent":0,"menu_order":0,"comment_status":"open","ping_status":"open","template":"","meta":[],"_links":{"self":[{"href":"https:\/\/aytultemiz.com\/site\/wp-json\/wp\/v2\/pages\/11290"}],"collection":[{"href":"https:\/\/aytultemiz.com\/site\/wp-json\/wp\/v2\/pages"}],"about":[{"href":"https:\/\/aytultemiz.com\/site\/wp-json\/wp\/v2\/types\/page"}],"author":[{"embeddable":true,"href":"https:\/\/aytultemiz.com\/site\/wp-json\/wp\/v2\/users\/1"}],"replies":[{"embeddable":true,"href":"https:\/\/aytultemiz.com\/site\/wp-json\/wp\/v2\/comments?post=11290"}],"version-history":[{"count":52,"href":"https:\/\/aytultemiz.com\/site\/wp-json\/wp\/v2\/pages\/11290\/revisions"}],"predecessor-version":[{"id":12742,"href":"https:\/\/aytultemiz.com\/site\/wp-json\/wp\/v2\/pages\/11290\/revisions\/12742"}],"wp:attachment":[{"href":"https:\/\/aytultemiz.com\/site\/wp-json\/wp\/v2\/media?parent=11290"}],"curies":[{"name":"wp","href":"https:\/\/api.w.org\/{rel}","templated":true}]}}