{"id":11327,"date":"2015-03-19T18:22:42","date_gmt":"2015-03-19T18:22:42","guid":{"rendered":"http:\/\/aytultemiz.com\/site\/?page_id=11327"},"modified":"2017-12-21T14:08:50","modified_gmt":"2017-12-21T14:08:50","slug":"corporate-training-2","status":"publish","type":"page","link":"https:\/\/aytultemiz.com\/site\/en\/corporate-training-2\/","title":{"rendered":"Corporate Training"},"content":{"rendered":"<div class=\"fusion-fullwidth fullwidth-box\" style=\"background-color:#242424;background-attachment:scroll;background-position:left top;background-repeat:no-repeat;-webkit-background-size:cover;-moz-background-size:cover;-o-background-size:cover;background-size:cover;border-color:#3e3e3e;border-bottom-width: 0px;border-top-width: 0px;border-bottom-style: solid;border-top-style: solid;padding-bottom:20px;padding-left:0px;padding-right:0px;padding-top:20px;\"><div class=\"avada-row\"><span class=\"fusion-imageframe imageframe imageframe-none imageframe-1\"> <img src=\"http:\/\/aytultemiz.com\/site\/wp-content\/uploads\/2015\/03\/iStock_000018975480XXLarge2.jpg\" alt=\"\" class=\"img-responsive\" \/><\/span><\/div><\/div><div class=\"fusion-fullwidth fullwidth-box\" style=\"background-color:#242424;background-attachment:scroll;background-position:left top;background-repeat:no-repeat;-webkit-background-size:cover;-moz-background-size:cover;-o-background-size:cover;background-size:cover;border-color:#3e3e3e;border-bottom-width: 0px;border-top-width: 0px;border-bottom-style: solid;border-top-style: solid;padding-bottom:20px;padding-left:0px;padding-right:0px;padding-top:20px;\"><div class=\"avada-row\"><div class=\"fusion-content-boxes content-boxes columns fusion-columns-1 fusion-content-boxes-1 content-boxes-icon-with-title row content-left\"><div class=\"fusion-column content-box-column content-box-column-1 col-lg-12 col-md-12 col-sm-12\"><div class=\"col content-wrapper\"><div class=\"heading icon-left icon-small\"><\/div><div class=\"fusion-clearfix\"><\/div><div class=\"content-container icon-small\"> In terms of Coorperate Training;<\/p>\n<p>We organize seminars to students about plants and environmental problems at high schools like Bah\u00e7e\u015fehir Koleji, Fatih Koleji and Do\u011fa Koleji. Apart from that we organize seminars to firm manangers about plants and decoration at companies like Eczac\u0131bas\u0131 Holding Baxter&#8230;<\/div><\/div><\/div><div class=\"fusion-clearfix\"><\/div><div class=\"fusion-clearfix\"><\/div><\/div><div class=\"fusion-one-fourth one_fourth fusion-layout-column fusion-column spacing-yes\"><div class=\"fusion-column-wrapper\"><span class=\"fusion-imageframe imageframe imageframe-none imageframe-2\"> <img src=\"http:\/\/aytultemiz.com\/site\/wp-content\/uploads\/2015\/03\/bahcesehirkoleji2013_ek1-e1429204660112.jpg\" alt=\"\" class=\"img-responsive\" \/><\/span><\/div><\/div><div class=\"fusion-one-half one_half fusion-layout-column fusion-column spacing-yes\"><div class=\"fusion-column-wrapper\"><div class=\"fusion-title title\"><h1 class=\"title-heading-left\">Bah\u00e7e\u015fehir Primary School Seminar<\/h1><div class=\"title-sep-container\"><div class=\"title-sep sep-single\"><\/div><\/div><\/div><\/div><\/div><div class=\"fusion-one-fourth one_fourth fusion-layout-column fusion-column last spacing-yes\"><div class=\"fusion-column-wrapper\"><\/div><\/div><div class=\"fusion-clearfix\"><\/div><div class=\"fusion-one-fourth one_fourth fusion-layout-column fusion-column spacing-yes\"><div class=\"fusion-column-wrapper\"><\/div><\/div><div class=\"fusion-two-fifth fusion-layout-column fusion-column spacing-yes\"><div class=\"fusion-column-wrapper\">Accordingly \u2018Forest Week\u2019 our general manager Ayt\u00fcl Temiz gave a seminar which includes information about nature, environment, forest and landscape to the 3rd and 4th grade students of Bah\u00e7e\u015fehir Primary School. Children influenced by the seminar draw nature protection themed pictures and hanged them on the school walls in order to start a awareness campaign. This action of students which is not obligated by their teachers, made us and their teacher very happy. We thank all precious and sensitive students and Bah\u00e7ehir Educational Institution for its invitation.<\/div><\/div><div class=\"fusion-one-third one_third fusion-layout-column fusion-column last spacing-yes\"><div class=\"fusion-column-wrapper\"><span class=\"fusion-imageframe imageframe imageframe-none imageframe-3\"> <img src=\"http:\/\/aytultemiz.com\/site\/wp-content\/uploads\/2015\/03\/total.jpg\" alt=\"\" class=\"img-responsive\" \/><\/span><\/div><\/div><div class=\"fusion-clearfix\"><\/div><div class=\"fusion-sep-clear\"><\/div><div class=\"fusion-separator fusion-full-width-sep sep-none\" style=\"border-color:#3e3e3e;margin-top:px;\"><\/div><div class=\"fusion-one-fourth one_fourth fusion-layout-column fusion-column spacing-yes\"><div class=\"fusion-column-wrapper\"><span class=\"fusion-imageframe imageframe imageframe-none imageframe-4\"> <img src=\"http:\/\/aytultemiz.com\/site\/wp-content\/uploads\/2015\/03\/baxter_160x120_20100830_143354.jpg\" alt=\"\" class=\"img-responsive\" \/><\/span><\/div><\/div><div class=\"fusion-one-half one_half fusion-layout-column fusion-column spacing-yes\"><div class=\"fusion-column-wrapper\"><div class=\"fusion-title title\"><h1 class=\"title-heading-left\">Plant and Decoration Seminar<\/h1><div class=\"title-sep-container\"><div class=\"title-sep sep-single\"><\/div><\/div><\/div><\/div><\/div><div class=\"fusion-one-fourth one_fourth fusion-layout-column fusion-column last spacing-yes\"><div class=\"fusion-column-wrapper\"><\/div><\/div><div class=\"fusion-clearfix\"><\/div><div class=\"fusion-one-fourth one_fourth fusion-layout-column fusion-column spacing-yes\"><div class=\"fusion-column-wrapper\"><\/div><\/div><div class=\"fusion-two-fifth fusion-layout-column fusion-column spacing-yes\"><div class=\"fusion-column-wrapper\"><\/div><\/div><div class=\"fusion-one-third one_third fusion-layout-column fusion-column last spacing-yes\"><div class=\"fusion-column-wrapper\"><span class=\"fusion-imageframe imageframe imageframe-none imageframe-5\"> <img src=\"http:\/\/aytultemiz.com\/site\/wp-content\/uploads\/2015\/03\/zzz.jpg\" alt=\"\" class=\"img-responsive\" \/><\/span><\/div><\/div><div class=\"fusion-clearfix\"><\/div><\/div><\/div>\n","protected":false},"excerpt":{"rendered":"","protected":false},"author":1,"featured_media":0,"parent":0,"menu_order":0,"comment_status":"open","ping_status":"open","template":"","meta":[],"_links":{"self":[{"href":"https:\/\/aytultemiz.com\/site\/wp-json\/wp\/v2\/pages\/11327"}],"collection":[{"href":"https:\/\/aytultemiz.com\/site\/wp-json\/wp\/v2\/pages"}],"about":[{"href":"https:\/\/aytultemiz.com\/site\/wp-json\/wp\/v2\/types\/page"}],"author":[{"embeddable":true,"href":"https:\/\/aytultemiz.com\/site\/wp-json\/wp\/v2\/users\/1"}],"replies":[{"embeddable":true,"href":"https:\/\/aytultemiz.com\/site\/wp-json\/wp\/v2\/comments?post=11327"}],"version-history":[{"count":12,"href":"https:\/\/aytultemiz.com\/site\/wp-json\/wp\/v2\/pages\/11327\/revisions"}],"predecessor-version":[{"id":12980,"href":"https:\/\/aytultemiz.com\/site\/wp-json\/wp\/v2\/pages\/11327\/revisions\/12980"}],"wp:attachment":[{"href":"https:\/\/aytultemiz.com\/site\/wp-json\/wp\/v2\/media?parent=11327"}],"curies":[{"name":"wp","href":"https:\/\/api.w.org\/{rel}","templated":true}]}}