{"id":11340,"date":"2015-03-19T18:26:13","date_gmt":"2015-03-19T18:26:13","guid":{"rendered":"http:\/\/aytultemiz.com\/site\/?page_id=11340"},"modified":"2016-03-03T17:13:03","modified_gmt":"2016-03-03T17:13:03","slug":"grass-at-garden","status":"publish","type":"page","link":"https:\/\/aytultemiz.com\/site\/en\/grass-at-garden\/","title":{"rendered":"Garden Blog"},"content":{"rendered":"<div class=\"fusion-five-sixth fusion-layout-column fusion-column last spacing-yes\"><div class=\"fusion-column-wrapper\">\n<h1>Secrets of a Pleasant Garden<\/h1>\n<\/div><\/div><div class=\"fusion-clearfix\"><\/div><div class=\"fusion-two-fifth fusion-layout-column fusion-column spacing-yes\"><div class=\"fusion-column-wrapper\">\n<p style=\"text-align: justify;\"><a href=\"https:\/\/www.homify.com.tr\/odalar\/bahce\">Garden Design<\/a>\u00a0varies \u00a0not only with the differences between living and inanimate materials but also with the differences between traditions and religional beliefs of communities. Firstly\u00a0you need to make arrangements for the garden of your dreams.\u00a0 This process of arrangement consists of \u00a0skecthes(plan), fragmentation and measurements. Plans would help you to see your garden from bird view and it ease the process of arrangement. Afterwards when you come to the phase of designing you should add existing trees, your house and other buildings to your plan. Another important point is to mark\u00a0places like you want to hide or places which are noisy. In order to enclosure these areas and to block niose you may need curtaining with plants. after you mark these details on your plans you can start to design your ideal dream garden.<\/p>\n<p style=\"text-align: justify;\">After you are done with your plan, you should\u00a0parcel\u00a0your garden. While parcelling\u00a0your land, you should check the right sun and shadow angles. \u00a0Espically on hot summer days the importance of shadow can not be denied. E.g. If you have children it would make sense to plant an evergreen tree to protect your children from sunstroke. Moreover it can also be possible to design a play area for you children if the plant that you planted has a appropriate form.<\/p>\n<\/div><\/div><div class=\"fusion-three-fifth fusion-layout-column fusion-column last spacing-yes\"><div class=\"fusion-column-wrapper\">\n<div><a href=\"https:\/\/www.homify.com.tr\/fotograf\/701985\/paisagismo-casa-pam\" target=\"_blank\"><img src=\"https:\/\/res.cloudinary.com\/homify\/a_0,c_fill,h_632,q_70,w_632\/v1441097614\/p\/photo\/image\/701985\/_MG_1818-1.jpg\" alt=\"Tropikal Bah\u00e7e Landscape Paisagismo\" \/><\/a><\/div>\n<div style=\"color: #86848b;\"><small> <a style=\"text-decoration: none; color: #86848b;\" href=\"https:\/\/www.homify.com.tr\/profesyoneller\/55592\/landscape-paisagismo\" target=\"_blank\"> Landscape Paisagismo <\/a><\/small><\/div>\n<\/div><\/div><div class=\"fusion-clearfix\"><\/div><div class=\"fusion-one-third one_third fusion-layout-column fusion-column spacing-yes\"><div class=\"fusion-column-wrapper\">\n<div><a href=\"https:\/\/www.homify.com.tr\/fotograf\/11810\/traditional-classic\" target=\"_blank\"><img src=\"https:\/\/res.cloudinary.com\/homify\/a_0,c_fill,h_316,q_70,w_316\/v1437066288\/p\/photo\/image\/11810\/swd_IMG_5143.jpg\" alt=\"Traditional &amp; Classic : Klasik Evler Garden Landscape Design\" \/><\/a><\/div>\n<div style=\"color: #86848b;\"><small><a style=\"text-decoration: none; color: #86848b;\" href=\"https:\/\/www.homify.com.tr\/projeler\/1548\/traditional-classic\" target=\"_blank\"> Traditional &amp; Classic <\/a><a style=\"text-decoration: none; color: #86848b;\" href=\"https:\/\/www.homify.com.tr\/profesyoneller\/1309\/garden-landscape-design\" target=\"_blank\"> Garden Landscape Design<\/a>\/ Homify<\/small><\/div>\n<\/div><\/div><div class=\"fusion-two-third two_third fusion-layout-column fusion-column last spacing-yes\"><div class=\"fusion-column-wrapper\">\n<p style=\"text-align: justify;\">\u00a0There are also aesthetic features that you should care while you are designing your garden For example plants should be proportional with themselves and with the garden itsel, which means you should choose your trees and shrubs which are proportional with the size of your garden. From their shapes to their colors plants in your garden should conform with your house.\u00a0\u00a0You can also use symmetry in your garden. For example if you had designed a straight walk way which is perpendicular to your house entrance, planting symmetrical plants or putting symmetrcial stones would make your garden look better. Never forget symmetry is a factor that makes people feel secure. Of course plant selection is not \u00a0only relatable with their sizes. You should \u00a0also extremely take care about the agents like climate and the flora \u00a0of the region. For example you should be aware of climate of the region whether it is mild climate zone or a cold climate zone&#8230;You should also take care of the soil requirements of plants. You may also need to use additives. Of course you should also be aware of the light or shadow requirements of\u00a0\u00a0your plants .<\/p>\n<\/div><\/div><div class=\"fusion-clearfix\"><\/div><div class=\"fusion-fullwidth fullwidth-box\" style=\"background-color:#242424;background-attachment:scroll;background-position:left top;background-repeat:no-repeat;-webkit-background-size:cover;-moz-background-size:cover;-o-background-size:cover;background-size:cover;border-color:#3e3e3e;border-bottom-width: 0px;border-top-width: 0px;border-bottom-style: solid;border-top-style: solid;padding-bottom:20px;padding-left:0px;padding-right:0px;padding-top:20px;\"><div class=\"avada-row\">\n<p style=\"text-align: justify;\">Apart from the plants swings \u00a0also make your garden look more beautiful. They are both decorative and joyful. \u00a0For a joyous chat in your balcony you may also buy a proper swing for your balcony.\u00a0Ergonomy of your exterior furniture provides a long term pleasure of your garden or balcony. But you should take care of the textile of your furniture to bestrippable, because it will be dusted regularly therefore you need to wash it regularly. After you design your garden you should also not forget your garden&#8217;s illumination. A good illumination would enhance the quality of your garden. I wish you to design your pleasant \u00a0garden without forgetting the fact that it is an important part of your lifecycle.<\/p>\n<\/div><\/div><div class=\"fusion-one-third one_third fusion-layout-column fusion-column spacing-yes\"><div class=\"fusion-column-wrapper\">\n<div><a href=\"https:\/\/www.homify.com.tr\/fotograf\/1341482\/toskana-vadisi-peyzaj-projesi\" target=\"_blank\"><img src=\"https:\/\/res.cloudinary.com\/homify\/a_0,c_fill,h_316,q_70,w_316\/v1455903225\/p\/photo\/image\/1341482\/11.jpg\" alt=\"Toskana Vadisi Peyzaj Projesi : Modern Bah\u00e7e AYT\u00dcL TEM\u0130Z LANDSCAPE DESIGN\" \/><\/a><\/div>\n<div style=\"color: #86848b;\"><small><a style=\"text-decoration: none; color: #86848b;\" href=\"https:\/\/www.homify.com.tr\/projeler\/191493\/toskana-vadisi-peyzaj-projesi\" target=\"_blank\"> Toskana Vadisi Peyzaj Projesi <\/a><a style=\"text-decoration: none; color: #86848b;\" href=\"https:\/\/www.homify.com.tr\/profesyoneller\/51729\/aytul-temiz-landscape-design\" target=\"_blank\"> AYT\u00dcL TEM\u0130Z LANDSCAPE DESIGN<\/a>\/ Homify<\/small><\/div>\n<\/div><\/div><div class=\"fusion-one-third one_third fusion-layout-column fusion-column spacing-yes\"><div class=\"fusion-column-wrapper\">\n<div><a href=\"https:\/\/www.homify.com.tr\/fotograf\/10994\/classic-modern\" target=\"_blank\"><img src=\"https:\/\/res.cloudinary.com\/homify\/a_0,c_fill,h_316,q_70,w_316\/v1437065213\/p\/photo\/image\/10994\/swd_IMG_4764.jpg\" alt=\"Klasik Bah\u00e7e Garden Landscape Design\" \/><\/a><\/div>\n<div style=\"color: #86848b;\"><small> <a style=\"text-decoration: none; color: #86848b;\" href=\"https:\/\/www.homify.com.tr\/profesyoneller\/1309\/garden-landscape-design\" target=\"_blank\"> Garden Landscape Design\/ Homify <\/a><\/small><\/div>\n<\/div><\/div><div class=\"fusion-one-third one_third fusion-layout-column fusion-column last spacing-yes\"><div class=\"fusion-column-wrapper\">\n<div><a href=\"https:\/\/www.homify.com.tr\/fotograf\/1341444\/saklikoru-peyzaj-projesi\" target=\"_blank\"><img src=\"https:\/\/res.cloudinary.com\/homify\/a_0,c_fill,h_316,q_70,w_316\/v1455901868\/p\/photo\/image\/1341444\/3.jpg\" alt=\"Sakl\u0131koru Peyzaj Projesi : Modern Bah\u00e7e AYT\u00dcL TEM\u0130Z LANDSCAPE DESIGN\" \/><\/a><\/div>\n<div style=\"color: #86848b;\"><small><a style=\"text-decoration: none; color: #86848b;\" href=\"https:\/\/www.homify.com.tr\/projeler\/191475\/saklikoru-peyzaj-projesi\" target=\"_blank\"> Sakl\u0131koru Peyzaj Projesi <\/a><a style=\"text-decoration: none; color: #86848b;\" href=\"https:\/\/www.homify.com.tr\/profesyoneller\/51729\/aytul-temiz-landscape-design\" target=\"_blank\"> AYT\u00dcL TEM\u0130Z LANDSCAPE DESIGN<\/a>\/ <a href=\"https:\/\/www.homify.com.tr\/yeni_fikirler\/531285\/kendi-kompostunuzu-ueretmenin-yollari\">Homify<\/a>\u00a0\/ <a href=\"https:\/\/www.homify.com.tr\/yeni_fikirler\/531285\/kendi-kompostunuzu-ueretmenin-yollari\">Homify<\/a><\/small><\/div>\n<\/div><\/div><div class=\"fusion-clearfix\"><\/div><div class=\"fusion-five-sixth fusion-layout-column fusion-column last spacing-yes\"><div class=\"fusion-column-wrapper\">\n<h1>Grass at Garden<\/h1>\n<\/div><\/div><div class=\"fusion-clearfix\"><\/div><div class=\"fusion-one-fifth fusion-layout-column fusion-column spacing-yes\"><div class=\"fusion-column-wrapper\"><span class=\"fusion-imageframe imageframe imageframe-none imageframe-1\"> <img src=\"http:\/\/aytultemiz.com\/site\/wp-content\/uploads\/2015\/03\/Untitled-4.jpg\" alt=\"\" class=\"img-responsive\" \/><\/span><\/div><\/div><div class=\"fusion-one-sixth fusion-layout-column fusion-column spacing-yes\"><div class=\"fusion-column-wrapper\"><style type=\"text\/css\">#wrapper .fusion-button.button-1{text-shadow:none;-webkit-box-shadow:none;-moz-box-shadow:none;box-shadow: none;border-width:1px;color:#fff;border-color:#fff;}#wrapper .fusion-button.button-1:hover,.fusion-button.button-1:focus,.fusion-button.button-1:active{border-width:1px;border-color:#fff;color:#fff;}#wrapper .fusion-button.button-1{background: #a0ce4e;}#wrapper .fusion-button.button-1:hover,.button-1:focus,.fusion-button.button-1:active{background: #96c346;}<\/style><a class=\"button large button default fusion-button button-flat button-round button-large button-default button-1 buttonshadow-no\" target=\"_self\" href=\"https:\/\/www.youtube.com\/watch?v=ITu5aaprGX0&amp;index=5&amp;list=PLTo7ZHYEUACuEtG5eh0o02vKF2WPd4X2B\"><span class=\"fusion-button-text\">Click here to watch video<\/span><\/a><\/div><\/div><div class=\"fusion-three-fifth fusion-layout-column fusion-column last spacing-yes\"><div class=\"fusion-column-wrapper\"><em><span style=\"color: #aaa9a9;\"><span style=\"font-family: 'Open Sans', Arial, Helvetica, sans-serif;\"><span style=\"font-size: medium;\">How can we prepeare spaces for lawn?<\/span><\/span><\/span><\/em><\/p>\n<p><em><span style=\"color: #aaa9a9;\"><span style=\"font-family: 'Open Sans', Arial, Helvetica, sans-serif;\"><span style=\"font-size: medium;\">Soil, where the seeds of lawn supposed to be planted, should be soft and smooth. Therefore soil is aerated. The clods at the soil should be decomposed with shovel. Soil should be watered for one week in case that brought\u00a0soil has clods. Afterwards all the weed is\u00a0gathered by hand of with depilatory. In case of a depilatory usage seeds should not be planted for one week. The area is smoothen with a harrow. For one square meter 30 gr of 15-15-15 fertilizer is manured.<\/span><\/span><\/span><\/em><\/p>\n<\/div><\/div><div class=\"fusion-clearfix\"><\/div><div class=\"fusion-five-sixth fusion-layout-column fusion-column last spacing-yes\"><div class=\"fusion-column-wrapper\">\n<h1>What does viola want?<\/h1>\n<\/div><\/div><div class=\"fusion-clearfix\"><\/div><div class=\"fusion-one-fifth fusion-layout-column fusion-column spacing-yes\"><div class=\"fusion-column-wrapper\"><span class=\"fusion-imageframe imageframe imageframe-none imageframe-2\"> <img src=\"http:\/\/aytultemiz.com\/site\/wp-content\/uploads\/2015\/03\/menekse.jpg\" alt=\"\" class=\"img-responsive\" \/><\/span><\/div><\/div><div class=\"fusion-one-sixth fusion-layout-column fusion-column spacing-yes\"><div class=\"fusion-column-wrapper\"><style type=\"text\/css\">#wrapper .fusion-button.button-2{text-shadow:none;-webkit-box-shadow:none;-moz-box-shadow:none;box-shadow: none;border-width:1px;color:#fff;border-color:#fff;}#wrapper .fusion-button.button-2:hover,.fusion-button.button-2:focus,.fusion-button.button-2:active{border-width:1px;border-color:#fff;color:#fff;}#wrapper .fusion-button.button-2{background: #a0ce4e;}#wrapper .fusion-button.button-2:hover,.button-2:focus,.fusion-button.button-2:active{background: #96c346;}<\/style><a class=\"button large button default fusion-button button-flat button-round button-large button-default button-2 buttonshadow-no\" target=\"_self\" href=\"https:\/\/www.youtube.com\/watch?v=G6PtDtoAUi4&amp;list=PLTo7ZHYEUACsbkf9hl6ZpAdnAm_USzF47\"><span class=\"fusion-button-text\">Click here to watch video<\/span><\/a><\/div><\/div><div class=\"fusion-three-fifth fusion-layout-column fusion-column last spacing-yes\"><div class=\"fusion-column-wrapper\">What does viola want?<\/p>\n<p>It loves humus-rich soil.<\/p>\n<p>Moisture rejoices it.<\/p>\n<p>It\u00a0would like to live in partially shaded or semi-shaded place.<\/p>\n<p>Violet soil should be dry.<\/p>\n<p>It does not require a lot of water .\u00a0You can give water if the soil is dry.<\/div><\/div><div class=\"fusion-clearfix\"><\/div><div class=\"fusion-five-sixth fusion-layout-column fusion-column last spacing-yes\"><div class=\"fusion-column-wrapper\">\n<h1>Leylak<\/h1>\n<\/div><\/div><div class=\"fusion-clearfix\"><\/div><div class=\"fusion-one-fifth fusion-layout-column fusion-column spacing-yes\"><div class=\"fusion-column-wrapper\"><span class=\"fusion-imageframe imageframe imageframe-none imageframe-3\"> <img src=\"http:\/\/aytultemiz.com\/site\/wp-content\/uploads\/2015\/03\/leylak.jpg\" alt=\"\" class=\"img-responsive\" \/><\/span><\/div><\/div><div class=\"fusion-one-sixth fusion-layout-column fusion-column spacing-yes\"><div class=\"fusion-column-wrapper\"><style type=\"text\/css\">#wrapper .fusion-button.button-3{text-shadow:none;-webkit-box-shadow:none;-moz-box-shadow:none;box-shadow: none;border-width:1px;color:#fff;border-color:#fff;}#wrapper .fusion-button.button-3:hover,.fusion-button.button-3:focus,.fusion-button.button-3:active{border-width:1px;border-color:#fff;color:#fff;}#wrapper .fusion-button.button-3{background: #a0ce4e;}#wrapper .fusion-button.button-3:hover,.button-3:focus,.fusion-button.button-3:active{background: #96c346;}<\/style><a class=\"button large button default fusion-button button-flat button-round button-large button-default button-3 buttonshadow-no\" target=\"_self\" href=\"https:\/\/www.youtube.com\/watch?v=ZF135RRnplY&amp;list=PLTo7ZHYEUACtSmet_KStLIFY1OF0xf71D\"><span class=\"fusion-button-text\">Click here to watch video<\/span><\/a><\/div><\/div><div class=\"fusion-three-fifth fusion-layout-column fusion-column last spacing-yes\"><div class=\"fusion-column-wrapper\">What are the general characteristics of lilac plants?<\/p>\n<p>Lilacs bloom only in the spring. They are easy to maintain.\u00a0Lilacs can live under bad conditions, that shed their leaves in winter.<\/div><\/div><div class=\"fusion-clearfix\"><\/div>\n","protected":false},"excerpt":{"rendered":"","protected":false},"author":1,"featured_media":0,"parent":0,"menu_order":0,"comment_status":"open","ping_status":"open","template":"","meta":[],"_links":{"self":[{"href":"https:\/\/aytultemiz.com\/site\/wp-json\/wp\/v2\/pages\/11340"}],"collection":[{"href":"https:\/\/aytultemiz.com\/site\/wp-json\/wp\/v2\/pages"}],"about":[{"href":"https:\/\/aytultemiz.com\/site\/wp-json\/wp\/v2\/types\/page"}],"author":[{"embeddable":true,"href":"https:\/\/aytultemiz.com\/site\/wp-json\/wp\/v2\/users\/1"}],"replies":[{"embeddable":true,"href":"https:\/\/aytultemiz.com\/site\/wp-json\/wp\/v2\/comments?post=11340"}],"version-history":[{"count":17,"href":"https:\/\/aytultemiz.com\/site\/wp-json\/wp\/v2\/pages\/11340\/revisions"}],"predecessor-version":[{"id":12396,"href":"https:\/\/aytultemiz.com\/site\/wp-json\/wp\/v2\/pages\/11340\/revisions\/12396"}],"wp:attachment":[{"href":"https:\/\/aytultemiz.com\/site\/wp-json\/wp\/v2\/media?parent=11340"}],"curies":[{"name":"wp","href":"https:\/\/api.w.org\/{rel}","templated":true}]}}