{"id":11342,"date":"2015-03-19T18:26:56","date_gmt":"2015-03-19T18:26:56","guid":{"rendered":"http:\/\/aytultemiz.com\/site\/?page_id=11342"},"modified":"2018-01-24T09:33:38","modified_gmt":"2018-01-24T09:33:38","slug":"what-does-violet-want","status":"publish","type":"page","link":"https:\/\/aytultemiz.com\/site\/en\/what-does-violet-want\/","title":{"rendered":"News Bulletin"},"content":{"rendered":"<div class=\"fusion-one-fifth fusion-layout-column fusion-column spacing-yes\"><div class=\"fusion-column-wrapper\">29-12-2017<\/div><\/div><div class=\"fusion-one-half one_half fusion-layout-column fusion-column spacing-yes\"><div class=\"fusion-column-wrapper\">\n<h2>In Bloomberg HT Tv Main News Bulletin, a program was carried out to address the issues related to the garden, landscape and ornamental plants sector.<\/h2>\n<\/div><\/div><div class=\"fusion-one-fifth fusion-layout-column fusion-column last spacing-yes\"><div class=\"fusion-column-wrapper\"><\/div><\/div><div class=\"fusion-clearfix\"><\/div><div class=\"fusion-one-fifth fusion-layout-column fusion-column spacing-yes\"><div class=\"fusion-column-wrapper\"><\/div><\/div><div class=\"fusion-two-fifth fusion-layout-column fusion-column spacing-yes\"><div class=\"fusion-column-wrapper\"><div class=\"fusion-content-boxes content-boxes columns fusion-columns-1 fusion-content-boxes-1 content-boxes-icon-with-title row content-left\"><div class=\"fusion-column content-box-column content-box-column-1 col-lg-12 col-md-12 col-sm-12\"><div class=\"col content-wrapper\"><div class=\"heading icon-left icon-small\"><\/div><div class=\"fusion-clearfix\"><\/div><div class=\"content-container icon-small\">\n<h4>Click <a href=\"https:\/\/www.youtube.com\/watch?v=wyzKnoyz_4w&amp;t=7s\" target=\"_blank\">here<\/a> to watch programe.(In Turkish)<\/h4>\n<\/div><\/div><\/div><div class=\"fusion-clearfix\"><\/div><div class=\"fusion-clearfix\"><\/div><\/div><\/div><\/div><div class=\"fusion-two-fifth fusion-layout-column fusion-column last last spacing-yes\"><div class=\"fusion-column-wrapper\"><span class=\"fusion-imageframe imageframe imageframe-none imageframe-1\"> <img src=\"http:\/\/aytultemiz.com\/site\/wp-content\/uploads\/2015\/03\/Bloomberg-HT.jpg\" alt=\"\" class=\"img-responsive\" \/><\/span><\/div><\/div><div class=\"fusion-clearfix\"><\/div><div class=\"fusion-sep-clear\"><\/div><div class=\"fusion-separator fusion-full-width-sep sep-none\" style=\"border-color:#3e3e3e;margin-top:px;\"><\/div><div class=\"fusion-one-fifth fusion-layout-column fusion-column spacing-yes\"><div class=\"fusion-column-wrapper\">26-7-2017<\/div><\/div><div class=\"fusion-one-half one_half fusion-layout-column fusion-column spacing-yes\"><div class=\"fusion-column-wrapper\">\n<h2>Our Founder Ayt\u00fcl Temiz joined the program \u2018Hayat G\u00fczeldir\u2019\u00a0 broadcasted on Show Tv.<\/h2>\n<\/div><\/div><div class=\"fusion-one-fifth fusion-layout-column fusion-column last spacing-yes\"><div class=\"fusion-column-wrapper\"><\/div><\/div><div class=\"fusion-clearfix\"><\/div><div class=\"fusion-one-fifth fusion-layout-column fusion-column spacing-yes\"><div class=\"fusion-column-wrapper\"><\/div><\/div><div class=\"fusion-two-fifth fusion-layout-column fusion-column spacing-yes\"><div class=\"fusion-column-wrapper\"><div class=\"fusion-content-boxes content-boxes columns fusion-columns-1 fusion-content-boxes-2 content-boxes-icon-with-title row content-left\"><div class=\"fusion-column content-box-column content-box-column-1 col-lg-12 col-md-12 col-sm-12\"><div class=\"col content-wrapper\"><div class=\"heading icon-left icon-small\"><\/div><div class=\"fusion-clearfix\"><\/div><div class=\"content-container icon-small\">\n<h4>Click <a href=\"https:\/\/www.youtube.com\/watch?v=7_e6huPbkrU\" target=\"_blank\">here<\/a> to watch programe.(In Turkish)<\/h4>\n<\/div><\/div><\/div><div class=\"fusion-clearfix\"><\/div><div class=\"fusion-clearfix\"><\/div><\/div><\/div><\/div><div class=\"fusion-two-fifth fusion-layout-column fusion-column last last spacing-yes\"><div class=\"fusion-column-wrapper\"><span class=\"fusion-imageframe imageframe imageframe-none imageframe-2\"> <img src=\"http:\/\/aytultemiz.com\/site\/wp-content\/uploads\/2015\/03\/Esra-Harmanda.jpg\" alt=\"\" class=\"img-responsive\" \/><\/span><\/div><\/div><div class=\"fusion-clearfix\"><\/div><div class=\"fusion-sep-clear\"><\/div><div class=\"fusion-separator fusion-full-width-sep sep-none\" style=\"border-color:#3e3e3e;margin-top:px;\"><\/div><div class=\"fusion-one-fifth fusion-layout-column fusion-column spacing-yes\"><div class=\"fusion-column-wrapper\">8-6-2016<\/div><\/div><div class=\"fusion-one-half one_half fusion-layout-column fusion-column spacing-yes\"><div class=\"fusion-column-wrapper\">\n<h2>Our Founder Ayt\u00fcl Temiz joined the program &#8216;\u0130\u015fin S\u0131rr\u0131 Derya&#8217;da&#8217; \u00a0broadcasted on Fox Tv.<\/h2>\n<\/div><\/div><div class=\"fusion-one-fifth fusion-layout-column fusion-column last spacing-yes\"><div class=\"fusion-column-wrapper\"><\/div><\/div><div class=\"fusion-clearfix\"><\/div><div class=\"fusion-one-fifth fusion-layout-column fusion-column spacing-yes\"><div class=\"fusion-column-wrapper\"><\/div><\/div><div class=\"fusion-two-fifth fusion-layout-column fusion-column spacing-yes\"><div class=\"fusion-column-wrapper\"><div class=\"fusion-content-boxes content-boxes columns fusion-columns-1 fusion-content-boxes-3 content-boxes-icon-with-title row content-left\"><div class=\"fusion-column content-box-column content-box-column-1 col-lg-12 col-md-12 col-sm-12\"><div class=\"col content-wrapper\"><div class=\"heading icon-left icon-small\"><\/div><div class=\"fusion-clearfix\"><\/div><div class=\"content-container icon-small\">\n<h4>Click <a href=\"http:\/\/www.fox.com.tr\/Isin-Sirri-Deryada\/bolum\/3\/part\/2\" target=\"_blank\">here<\/a> to watch programe.(In Turkish)<\/h4>\n<\/div><\/div><\/div><div class=\"fusion-clearfix\"><\/div><div class=\"fusion-clearfix\"><\/div><\/div><\/div><\/div><div class=\"fusion-two-fifth fusion-layout-column fusion-column last last spacing-yes\"><div class=\"fusion-column-wrapper\"><span class=\"fusion-imageframe imageframe imageframe-none imageframe-3\"> <img src=\"http:\/\/aytultemiz.com\/site\/wp-content\/uploads\/2015\/03\/Untitled-12.jpg\" alt=\"\" class=\"img-responsive\" \/><\/span><\/div><\/div><div class=\"fusion-clearfix\"><\/div><div class=\"fusion-sep-clear\"><\/div><div class=\"fusion-separator fusion-full-width-sep sep-none\" style=\"border-color:#3e3e3e;margin-top:px;\"><\/div><div class=\"fusion-one-fifth fusion-layout-column fusion-column spacing-yes\"><div class=\"fusion-column-wrapper\">13-04-2016<\/div><\/div><div class=\"fusion-one-half one_half fusion-layout-column fusion-column spacing-yes\"><div class=\"fusion-column-wrapper\">\n<h2>Our founder Ayt\u00fcl Temiz conducted a conference at Istanbul University.<\/h2>\n<\/div><\/div><div class=\"fusion-one-fourth one_fourth fusion-layout-column fusion-column last spacing-yes\"><div class=\"fusion-column-wrapper\"><\/div><\/div><div class=\"fusion-clearfix\"><\/div><div class=\"fusion-one-fifth fusion-layout-column fusion-column spacing-yes\"><div class=\"fusion-column-wrapper\"><\/div><\/div><div class=\"fusion-two-fifth fusion-layout-column fusion-column spacing-yes\"><div class=\"fusion-column-wrapper\"><div class=\"fusion-content-boxes content-boxes columns fusion-columns-1 fusion-content-boxes-4 content-boxes-icon-with-title row content-left\"><div class=\"fusion-column content-box-column content-box-column-1 col-lg-12 col-md-12 col-sm-12\"><div class=\"col content-wrapper\"><div class=\"heading icon-left icon-small\"><\/div><div class=\"fusion-clearfix\"><\/div><div class=\"content-container icon-small\">\n<h4>Pleas click<a href=\"https:\/\/www.youtube.com\/watch?v=M_nNkjiS2E4&amp;list=PLTo7ZHYEUACs00KCNUyeP4PcE9VGY3bEH\"> here <\/a>to watch the video. (In Turkish)<\/h4>\n<\/div><\/div><\/div><div class=\"fusion-clearfix\"><\/div><div class=\"fusion-clearfix\"><\/div><\/div><\/div><\/div><div class=\"fusion-two-fifth fusion-layout-column fusion-column last last spacing-yes\"><div class=\"fusion-column-wrapper\"><span class=\"fusion-imageframe imageframe imageframe-none imageframe-4\"> <img src=\"http:\/\/aytultemiz.com\/site\/wp-content\/uploads\/2015\/03\/Ekran-Al\u0131nt\u0131s\u01312.jpg\" alt=\"\" class=\"img-responsive\" \/><\/span><\/div><\/div><div class=\"fusion-clearfix\"><\/div><div class=\"fusion-sep-clear\"><\/div><div class=\"fusion-separator fusion-full-width-sep sep-none\" style=\"border-color:#3e3e3e;margin-top:px;\"><\/div><div class=\"fusion-one-fifth fusion-layout-column fusion-column spacing-yes\"><div class=\"fusion-column-wrapper\">2-03-2016<\/div><\/div><div class=\"fusion-one-half one_half fusion-layout-column fusion-column spacing-yes\"><div class=\"fusion-column-wrapper\">\n<h2>Our founder Aytul Temiz joined the program &#8216;Benden S\u00f6ylemesi&#8217; on Fox Tv.<\/h2>\n<\/div><\/div><div class=\"fusion-one-fourth one_fourth fusion-layout-column fusion-column last spacing-yes\"><div class=\"fusion-column-wrapper\"><\/div><\/div><div class=\"fusion-clearfix\"><\/div><div class=\"fusion-one-fifth fusion-layout-column fusion-column spacing-yes\"><div class=\"fusion-column-wrapper\"><\/div><\/div><div class=\"fusion-two-fifth fusion-layout-column fusion-column spacing-yes\"><div class=\"fusion-column-wrapper\"><div class=\"fusion-content-boxes content-boxes columns fusion-columns-1 fusion-content-boxes-5 content-boxes-icon-with-title row content-left\"><div class=\"fusion-column content-box-column content-box-column-1 col-lg-12 col-md-12 col-sm-12\"><div class=\"col content-wrapper\"><div class=\"heading icon-left icon-small\"><\/div><div class=\"fusion-clearfix\"><\/div><div class=\"content-container icon-small\">\n<h4>Please click <a href=\"https:\/\/www.youtube.com\/watch?v=QA712eE5gDU\" target=\"_blank\">here<\/a> to watch the interview.<\/h4>\n<\/div><\/div><\/div><div class=\"fusion-clearfix\"><\/div><div class=\"fusion-clearfix\"><\/div><\/div><\/div><\/div><div class=\"fusion-two-fifth fusion-layout-column fusion-column last last spacing-yes\"><div class=\"fusion-column-wrapper\"><span class=\"fusion-imageframe imageframe imageframe-none imageframe-5\"> <img src=\"http:\/\/aytultemiz.com\/site\/wp-content\/uploads\/2015\/03\/Untitled-13.jpg\" alt=\"\" class=\"img-responsive\" \/><\/span><\/div><\/div><div class=\"fusion-clearfix\"><\/div><div class=\"fusion-sep-clear\"><\/div><div class=\"fusion-separator fusion-full-width-sep sep-none\" style=\"border-color:#3e3e3e;margin-top:px;\"><\/div><div class=\"fusion-one-fifth fusion-layout-column fusion-column spacing-yes\"><div class=\"fusion-column-wrapper\">8-12-2015<\/div><\/div><div class=\"fusion-one-half one_half fusion-layout-column fusion-column spacing-yes\"><div class=\"fusion-column-wrapper\">\n<h2><strong>\u00a0News on <em>Milliyet<\/em> from the perspective of \u00a0At\u0131lay Kandemir about our founder Aytul Temiz<\/strong><\/h2>\n<\/div><\/div><div class=\"fusion-one-fourth one_fourth fusion-layout-column fusion-column last spacing-yes\"><div class=\"fusion-column-wrapper\"><\/div><\/div><div class=\"fusion-clearfix\"><\/div><div class=\"fusion-one-fifth fusion-layout-column fusion-column spacing-yes\"><div class=\"fusion-column-wrapper\"><\/div><\/div><div class=\"fusion-two-fifth fusion-layout-column fusion-column spacing-yes\"><div class=\"fusion-column-wrapper\"><div class=\"fusion-content-boxes content-boxes columns fusion-columns-1 fusion-content-boxes-6 content-boxes-icon-with-title row content-left\"><div class=\"fusion-column content-box-column content-box-column-1 col-lg-12 col-md-12 col-sm-12\"><div class=\"col content-wrapper\"><div class=\"heading icon-left icon-small\"><\/div><div class=\"fusion-clearfix\"><\/div><div class=\"content-container icon-small\">\n<h4>Fatma Aydo\u011fdu, her daughter Buse Aydo\u011fdu, Mehmet K\u00f6ymen, Cengiz \u00d6zek ve G\u00f6zde \u00c7elikbilek came together\u00a0to celebrate Aytul Temiz&#8217; birthday.<\/h4>\n<\/div><\/div><\/div><div class=\"fusion-clearfix\"><\/div><div class=\"fusion-clearfix\"><\/div><\/div><\/div><\/div><div class=\"fusion-two-fifth fusion-layout-column fusion-column last last spacing-yes\"><div class=\"fusion-column-wrapper\"><span class=\"fusion-imageframe imageframe imageframe-none imageframe-6\"> <img src=\"http:\/\/aytultemiz.com\/site\/wp-content\/uploads\/2015\/03\/Untitled-3.jpg\" alt=\"\" class=\"img-responsive\" \/><\/span><\/div><\/div><div class=\"fusion-clearfix\"><\/div><div class=\"fusion-sep-clear\"><\/div><div class=\"fusion-separator fusion-full-width-sep sep-none\" style=\"border-color:#3e3e3e;margin-top:px;\"><\/div><div class=\"fusion-one-fifth fusion-layout-column fusion-column spacing-yes\"><div class=\"fusion-column-wrapper\">26-11-2015<\/div><\/div><div class=\"fusion-one-half one_half fusion-layout-column fusion-column spacing-yes\"><div class=\"fusion-column-wrapper\">\n<h2><strong>Our founder Aytul Temiz went to the exhibition &#8216;Abstract Reflections&#8217; which took place in Ekavart Gallery.<\/strong><\/h2>\n<\/div><\/div><div class=\"fusion-one-fourth one_fourth fusion-layout-column fusion-column last spacing-yes\"><div class=\"fusion-column-wrapper\"><\/div><\/div><div class=\"fusion-clearfix\"><\/div><div class=\"fusion-one-fifth fusion-layout-column fusion-column spacing-yes\"><div class=\"fusion-column-wrapper\"><\/div><\/div><div class=\"fusion-two-fifth fusion-layout-column fusion-column spacing-yes\"><div class=\"fusion-column-wrapper\"><div class=\"fusion-content-boxes content-boxes columns fusion-columns-1 fusion-content-boxes-7 content-boxes-icon-with-title row content-left\"><div class=\"fusion-column content-box-column content-box-column-1 col-lg-12 col-md-12 col-sm-12\"><div class=\"col content-wrapper\"><div class=\"heading icon-left icon-small\"><\/div><div class=\"fusion-clearfix\"><\/div><div class=\"content-container icon-small\">\n<h4>Milliyet\u00a0\u00a0gazetesi haberine\u00a0ula\u015fmak i\u00e7in <a href=\"http:\/\/www.ekavartgallery.com\/EventsAndPress\/milliyet-cadde---26112015\">t\u0131klay\u0131n\u0131z.<\/a><\/h4>\n<\/div><\/div><\/div><div class=\"fusion-clearfix\"><\/div><div class=\"fusion-clearfix\"><\/div><\/div><\/div><\/div><div class=\"fusion-two-fifth fusion-layout-column fusion-column last last spacing-yes\"><div class=\"fusion-column-wrapper\"><span class=\"fusion-imageframe imageframe imageframe-none imageframe-7\"> <img src=\"http:\/\/aytultemiz.com\/site\/wp-content\/uploads\/2015\/03\/2015_11_26_Milliyet_Cadde.jpg\" alt=\"\" class=\"img-responsive\" \/><\/span><\/div><\/div><div class=\"fusion-clearfix\"><\/div><div class=\"fusion-sep-clear\"><\/div><div class=\"fusion-separator fusion-full-width-sep sep-none\" style=\"border-color:#3e3e3e;margin-top:px;\"><\/div><div class=\"fusion-one-fifth fusion-layout-column fusion-column spacing-yes\"><div class=\"fusion-column-wrapper\">27-05-2015<\/div><\/div><div class=\"fusion-one-half one_half fusion-layout-column fusion-column spacing-yes\"><div class=\"fusion-column-wrapper\">\n<h2><strong>Our founder Aytul Temiz gave an interview to the magazine &#8216;Alem&#8217;.<\/strong><\/h2>\n<\/div><\/div><div class=\"fusion-one-fourth one_fourth fusion-layout-column fusion-column last spacing-yes\"><div class=\"fusion-column-wrapper\"><\/div><\/div><div class=\"fusion-clearfix\"><\/div><div class=\"fusion-one-fifth fusion-layout-column fusion-column spacing-yes\"><div class=\"fusion-column-wrapper\"><\/div><\/div><div class=\"fusion-two-fifth fusion-layout-column fusion-column spacing-yes\"><div class=\"fusion-column-wrapper\"><div class=\"fusion-content-boxes content-boxes columns fusion-columns-1 fusion-content-boxes-8 content-boxes-icon-with-title row content-left\"><div class=\"fusion-column content-box-column content-box-column-1 col-lg-12 col-md-12 col-sm-12\"><div class=\"col content-wrapper\"><div class=\"heading icon-left icon-small\"><\/div><div class=\"fusion-clearfix\"><\/div><div class=\"content-container icon-small\">\n<h4>Click<a href=\"http:\/\/www.alem.com.tr\/Sohbetler\/bahce-tasarimcisi-aytul-temiz-165031\"> here<\/a> to read the interview.<\/h4>\n<\/div><\/div><\/div><div class=\"fusion-clearfix\"><\/div><div class=\"fusion-clearfix\"><\/div><\/div><\/div><\/div><div class=\"fusion-two-fifth fusion-layout-column fusion-column last last spacing-yes\"><div class=\"fusion-column-wrapper\"><span class=\"fusion-imageframe imageframe imageframe-none imageframe-8\"> <img src=\"http:\/\/aytultemiz.com\/site\/wp-content\/uploads\/2015\/03\/Ekran-Al\u0131nt\u0131s\u01311.jpg\" alt=\"\" class=\"img-responsive\" \/><\/span><\/div><\/div><div class=\"fusion-clearfix\"><\/div><div class=\"fusion-sep-clear\"><\/div><div class=\"fusion-separator fusion-full-width-sep sep-none\" style=\"border-color:#3e3e3e;margin-top:px;\"><\/div><div class=\"fusion-one-fifth fusion-layout-column fusion-column spacing-yes\"><div class=\"fusion-column-wrapper\">08-08-2015<\/div><\/div><div class=\"fusion-one-half one_half fusion-layout-column fusion-column spacing-yes\"><div class=\"fusion-column-wrapper\">\n<h2>Arda Turan Villa Landscape Project Application and \u00a0related Media<\/h2>\n<\/div><\/div><div class=\"fusion-one-fourth one_fourth fusion-layout-column fusion-column last spacing-yes\"><div class=\"fusion-column-wrapper\"><\/div><\/div><div class=\"fusion-clearfix\"><\/div><div class=\"fusion-one-fifth fusion-layout-column fusion-column spacing-yes\"><div class=\"fusion-column-wrapper\"><\/div><\/div><div class=\"fusion-two-fifth fusion-layout-column fusion-column spacing-yes\"><div class=\"fusion-column-wrapper\"><div class=\"fusion-content-boxes content-boxes columns fusion-columns-1 fusion-content-boxes-9 content-boxes-icon-with-title row content-left\"><div class=\"fusion-column content-box-column content-box-column-1 col-lg-12 col-md-12 col-sm-12\"><div class=\"col content-wrapper\"><div class=\"heading icon-left icon-small\"><\/div><div class=\"fusion-clearfix\"><\/div><div class=\"content-container icon-small\"> We want to thank Mr. Turan and his family for working with us during the design and the application of their villa&#8217;s landscape project. Kind regards&#8230;<\/p>\n<p><a href=\"http:\/\/www.mynet.com\/magazin\/detay\/guncel\/iste-arda-turanin-5-milyon-liralik-sarayi\/57451\"><br \/>\nhttp:\/\/www.mynet.com\/magazin\/detay\/guncel\/iste-arda-turanin-5-milyon-liralik-sarayi\/57451<\/a><\/p>\n<p><a href=\"http:\/\/www.sabah.com.tr\/fotohaber\/magazin\/magazin-gundeminden-basliklar-2-haziran-2015?tc=31&amp;page=20\">http:\/\/www.sabah.com.tr\/fotohaber\/magazin\/magazin-gundeminden-basliklar-2-haziran-2015?tc=31&amp;page=20<\/a><\/p>\n<p><a href=\"http:\/\/www.emlakpiyasalar.com\/2015\/06\/02\/arda-turan-bahcekoydeki-villasini-dekore-ettirdi.html\">http:\/\/www.emlakpiyasalar.com\/2015\/06\/02\/arda-turan-bahcekoydeki-villasini-dekore-ettirdi.html<\/a><\/div><\/div><\/div><div class=\"fusion-clearfix\"><\/div><div class=\"fusion-clearfix\"><\/div><\/div><\/div><\/div><div class=\"fusion-two-fifth fusion-layout-column fusion-column last last spacing-yes\"><div class=\"fusion-column-wrapper\"><span class=\"fusion-imageframe imageframe imageframe-none imageframe-9\"> <img src=\"http:\/\/aytultemiz.com\/site\/wp-content\/uploads\/2015\/03\/arda-turan-bulten.jpg\" alt=\"\" class=\"img-responsive\" \/><\/span><\/div><\/div><div class=\"fusion-clearfix\"><\/div><div class=\"fusion-sep-clear\"><\/div><div class=\"fusion-separator fusion-full-width-sep sep-none\" style=\"border-color:#3e3e3e;margin-top:px;\"><\/div>[\/fullwidth]<div class=\"fusion-one-fifth fusion-layout-column fusion-column spacing-yes\"><div class=\"fusion-column-wrapper\">21-04-2015<\/div><\/div><div class=\"fusion-one-half one_half fusion-layout-column fusion-column spacing-yes\"><div class=\"fusion-column-wrapper\">\n<h2>K\u00fc\u00e7\u00fck \u015eeyler Kindergarten\u00a0Seminar<\/h2>\n<\/div><\/div><div class=\"fusion-one-fourth one_fourth fusion-layout-column fusion-column last spacing-yes\"><div class=\"fusion-column-wrapper\"><\/div><\/div><div class=\"fusion-clearfix\"><\/div><div class=\"fusion-one-fifth fusion-layout-column fusion-column spacing-yes\"><div class=\"fusion-column-wrapper\"><\/div><\/div><div class=\"fusion-two-fifth fusion-layout-column fusion-column spacing-yes\"><div class=\"fusion-column-wrapper\"><div class=\"fusion-content-boxes content-boxes columns fusion-columns-1 fusion-content-boxes-10 content-boxes-icon-with-title row content-left\"><div class=\"fusion-column content-box-column content-box-column-1 col-lg-12 col-md-12 col-sm-12\"><div class=\"col content-wrapper\"><div class=\"heading icon-left icon-small\"><\/div><div class=\"fusion-clearfix\"><\/div><div class=\"content-container icon-small\"> We gave a \u2018Butterflies and Plants\u2019 themed seminar at \u2018K\u00fc\u00e7\u00fck \u015eeyler Kindergarten\u2019, which belongs to \u00dcst\u00fcn D\u00f6kmen. We want to thank all of the employees of school for their invitation and their great hospitality.<\/div><\/div><\/div><div class=\"fusion-clearfix\"><\/div><div class=\"fusion-clearfix\"><\/div><\/div><\/div><\/div><div class=\"fusion-two-fifth fusion-layout-column fusion-column last last spacing-yes\"><div class=\"fusion-column-wrapper\"><span class=\"fusion-imageframe imageframe imageframe-none imageframe-10\"> <img src=\"http:\/\/aytultemiz.com\/site\/wp-content\/uploads\/2015\/03\/total1.jpg\" alt=\"\" class=\"img-responsive\" \/><\/span><\/div><\/div><div class=\"fusion-clearfix\"><\/div><div class=\"fusion-sep-clear\"><\/div><div class=\"fusion-separator fusion-full-width-sep sep-none\" style=\"border-color:#3e3e3e;margin-top:px;\"><\/div><div class=\"fusion-sep-clear\"><\/div><div class=\"fusion-separator fusion-full-width-sep sep-none\" style=\"border-color:#3e3e3e;margin-top:px;\"><\/div><div class=\"fusion-sep-clear\"><\/div><div class=\"fusion-separator fusion-full-width-sep sep-none\" style=\"border-color:#3e3e3e;margin-top:px;\"><\/div><div class=\"fusion-one-fifth fusion-layout-column fusion-column spacing-yes\"><div class=\"fusion-column-wrapper\">17-04-2015<\/div><\/div><div class=\"fusion-one-half one_half fusion-layout-column fusion-column spacing-yes\"><div class=\"fusion-column-wrapper\">\n<h2>Do\u011fa Primary School Conference<\/h2>\n<\/div><\/div><div class=\"fusion-one-fourth one_fourth fusion-layout-column fusion-column last spacing-yes\"><div class=\"fusion-column-wrapper\"><\/div><\/div><div class=\"fusion-clearfix\"><\/div><div class=\"fusion-one-fifth fusion-layout-column fusion-column spacing-yes\"><div class=\"fusion-column-wrapper\"><\/div><\/div><div class=\"fusion-two-fifth fusion-layout-column fusion-column spacing-yes\"><div class=\"fusion-column-wrapper\"><div class=\"fusion-content-boxes content-boxes columns fusion-columns-1 fusion-content-boxes-11 content-boxes-icon-with-title row content-left\"><div class=\"fusion-column content-box-column content-box-column-1 col-lg-12 col-md-12 col-sm-12\"><div class=\"col content-wrapper\"><div class=\"heading icon-left icon-small\"><\/div><div class=\"fusion-clearfix\"><\/div><div class=\"content-container icon-small\"> At Do\u011fa Primary School a conference is given by our founder Ayt\u00fcl Temiz, her signed books are given to the students as a gift.<\/div><\/div><\/div><div class=\"fusion-clearfix\"><\/div><div class=\"fusion-clearfix\"><\/div><\/div><\/div><\/div><div class=\"fusion-two-fifth fusion-layout-column fusion-column last last spacing-yes\"><div class=\"fusion-column-wrapper\"><span class=\"fusion-imageframe imageframe imageframe-none imageframe-11\"> <img src=\"http:\/\/aytultemiz.com\/site\/wp-content\/uploads\/2015\/03\/Untitled-1-Recovered1.jpg\" alt=\"\" class=\"img-responsive\" \/><\/span><\/div><\/div><div class=\"fusion-clearfix\"><\/div><div class=\"fusion-sep-clear\"><\/div><div class=\"fusion-separator fusion-full-width-sep sep-none\" style=\"border-color:#3e3e3e;margin-top:px;\"><\/div><div class=\"fusion-sep-clear\"><\/div><div class=\"fusion-separator fusion-full-width-sep sep-none\" style=\"border-color:#3e3e3e;margin-top:px;\"><\/div><div class=\"fusion-sep-clear\"><\/div><div class=\"fusion-separator fusion-full-width-sep sep-none\" style=\"border-color:#3e3e3e;margin-top:px;\"><\/div><div class=\"fusion-one-fifth fusion-layout-column fusion-column spacing-yes\"><div class=\"fusion-column-wrapper\">30-03-2015<\/div><\/div><div class=\"fusion-one-half one_half fusion-layout-column fusion-column spacing-yes\"><div class=\"fusion-column-wrapper\">\n<h2>Bah\u00e7e\u015fehir Primary School Seminar<\/h2>\n<\/div><\/div><div class=\"fusion-one-fourth one_fourth fusion-layout-column fusion-column last spacing-yes\"><div class=\"fusion-column-wrapper\"><\/div><\/div><div class=\"fusion-clearfix\"><\/div><div class=\"fusion-one-fifth fusion-layout-column fusion-column spacing-yes\"><div class=\"fusion-column-wrapper\"><\/div><\/div><div class=\"fusion-two-fifth fusion-layout-column fusion-column spacing-yes\"><div class=\"fusion-column-wrapper\"><div class=\"fusion-content-boxes content-boxes columns fusion-columns-1 fusion-content-boxes-12 content-boxes-icon-with-title row content-left\"><div class=\"fusion-column content-box-column content-box-column-1 col-lg-12 col-md-12 col-sm-12\"><div class=\"col content-wrapper\"><div class=\"heading icon-left icon-small\"><\/div><div class=\"fusion-clearfix\"><\/div><div class=\"content-container icon-small\"> Accordingly \u2018Forest Week\u2019 our general manager Ayt\u00fcl Temiz gave a seminar which includes information about nature, environment, forest and landscape to the 3rd and 4th grade students of Bah\u00e7e\u015fehir Primary School. Children influenced by the seminar draw nature protection themed pictures and hanged them on the school walls in order to start a awareness campaign. This action of students which is not obligated by their teachers, made us and their teacher very happy. We thank all precious and sensitive students and Bah\u00e7ehir Educational Institution for its invitation.<\/div><\/div><\/div><div class=\"fusion-clearfix\"><\/div><div class=\"fusion-clearfix\"><\/div><\/div><\/div><\/div><div class=\"fusion-two-fifth fusion-layout-column fusion-column last last spacing-yes\"><div class=\"fusion-column-wrapper\"><span class=\"fusion-imageframe imageframe imageframe-none imageframe-12\"> <img src=\"http:\/\/aytultemiz.com\/site\/wp-content\/uploads\/2015\/03\/total.jpg\" alt=\"\" class=\"img-responsive\" \/><\/span><\/div><\/div><div class=\"fusion-clearfix\"><\/div>\n","protected":false},"excerpt":{"rendered":"","protected":false},"author":1,"featured_media":0,"parent":0,"menu_order":0,"comment_status":"open","ping_status":"open","template":"","meta":[],"_links":{"self":[{"href":"https:\/\/aytultemiz.com\/site\/wp-json\/wp\/v2\/pages\/11342"}],"collection":[{"href":"https:\/\/aytultemiz.com\/site\/wp-json\/wp\/v2\/pages"}],"about":[{"href":"https:\/\/aytultemiz.com\/site\/wp-json\/wp\/v2\/types\/page"}],"author":[{"embeddable":true,"href":"https:\/\/aytultemiz.com\/site\/wp-json\/wp\/v2\/users\/1"}],"replies":[{"embeddable":true,"href":"https:\/\/aytultemiz.com\/site\/wp-json\/wp\/v2\/comments?post=11342"}],"version-history":[{"count":26,"href":"https:\/\/aytultemiz.com\/site\/wp-json\/wp\/v2\/pages\/11342\/revisions"}],"predecessor-version":[{"id":13011,"href":"https:\/\/aytultemiz.com\/site\/wp-json\/wp\/v2\/pages\/11342\/revisions\/13011"}],"wp:attachment":[{"href":"https:\/\/aytultemiz.com\/site\/wp-json\/wp\/v2\/media?parent=11342"}],"curies":[{"name":"wp","href":"https:\/\/api.w.org\/{rel}","templated":true}]}}