{"id":11802,"date":"2015-05-31T10:41:30","date_gmt":"2015-05-31T10:41:30","guid":{"rendered":"http:\/\/aytultemiz.com\/site\/?page_id=11802"},"modified":"2015-05-31T10:41:30","modified_gmt":"2015-05-31T10:41:30","slug":"kontakt-uns","status":"publish","type":"page","link":"https:\/\/aytultemiz.com\/site\/de\/kontakt-uns\/","title":{"rendered":"Kontakt Uns"},"content":{"rendered":"<div class=\"fusion-title title\"><h2 class=\"title-heading-left\">Bize a\u015fa\u011f\u0131daki formdan ula\u015fabilirsiniz!<\/h2><div class=\"title-sep-container\"><div class=\"title-sep sep-single\"><\/div><\/div><\/div><div class=\"fusion-sep-clear\"><\/div><div class=\"fusion-separator fusion-full-width-sep sep-none\" style=\"border-color:#3e3e3e;margin-top:20px;\"><\/div>\n","protected":false},"excerpt":{"rendered":"","protected":false},"author":1,"featured_media":0,"parent":0,"menu_order":0,"comment_status":"open","ping_status":"closed","template":"contact.php","meta":[],"_links":{"self":[{"href":"https:\/\/aytultemiz.com\/site\/wp-json\/wp\/v2\/pages\/11802"}],"collection":[{"href":"https:\/\/aytultemiz.com\/site\/wp-json\/wp\/v2\/pages"}],"about":[{"href":"https:\/\/aytultemiz.com\/site\/wp-json\/wp\/v2\/types\/page"}],"author":[{"embeddable":true,"href":"https:\/\/aytultemiz.com\/site\/wp-json\/wp\/v2\/users\/1"}],"replies":[{"embeddable":true,"href":"https:\/\/aytultemiz.com\/site\/wp-json\/wp\/v2\/comments?post=11802"}],"version-history":[{"count":1,"href":"https:\/\/aytultemiz.com\/site\/wp-json\/wp\/v2\/pages\/11802\/revisions"}],"predecessor-version":[{"id":11803,"href":"https:\/\/aytultemiz.com\/site\/wp-json\/wp\/v2\/pages\/11802\/revisions\/11803"}],"wp:attachment":[{"href":"https:\/\/aytultemiz.com\/site\/wp-json\/wp\/v2\/media?parent=11802"}],"curies":[{"name":"wp","href":"https:\/\/api.w.org\/{rel}","templated":true}]}}