{"id":11811,"date":"2015-05-31T10:57:53","date_gmt":"2015-05-31T10:57:53","guid":{"rendered":"http:\/\/aytultemiz.com\/site\/?page_id=11811"},"modified":"2016-01-15T16:37:19","modified_gmt":"2016-01-15T16:37:19","slug":"berichtigung","status":"publish","type":"page","link":"https:\/\/aytultemiz.com\/site\/de\/berichtigung\/","title":{"rendered":"Berichtigung"},"content":{"rendered":"\u00a0<div class=\"fusion-title title\"><h1 class=\"title-heading-left\">Berichtigung<\/h1><div class=\"title-sep-container\"><div class=\"title-sep sep-single\"><\/div><\/div><\/div><div class=\"fusion-one-fifth fusion-layout-column fusion-column spacing-yes\"><div class=\"fusion-column-wrapper\">8-12-2015<\/div><\/div><div class=\"fusion-one-half one_half fusion-layout-column fusion-column spacing-yes\"><div class=\"fusion-column-wrapper\">\n<h2>Eine Berichtigung \u00fcber unsere Gr\u00fcnderin Aytul Temiz in t\u00fcrkischen Medien<\/h2>\n<\/div><\/div><div class=\"fusion-one-fourth one_fourth fusion-layout-column fusion-column last spacing-yes\"><div class=\"fusion-column-wrapper\"><\/div><\/div><div class=\"fusion-clearfix\"><\/div><div class=\"fusion-one-fifth fusion-layout-column fusion-column spacing-yes\"><div class=\"fusion-column-wrapper\"><\/div><\/div><div class=\"fusion-two-fifth fusion-layout-column fusion-column spacing-yes\"><div class=\"fusion-column-wrapper\"><div class=\"fusion-content-boxes content-boxes columns fusion-columns-1 fusion-content-boxes-1 content-boxes-icon-with-title row content-left\"><div class=\"fusion-column content-box-column content-box-column-1 col-lg-12 col-md-12 col-sm-12\"><div class=\"col content-wrapper\"><div class=\"heading icon-left icon-small\"><\/div><div class=\"fusion-clearfix\"><\/div><div class=\"content-container icon-small\">\n<h4>Fatma Aydo\u011fdu,Buse Aydo\u011fdu, Mehmet K\u00f6ymen, Cengiz \u00d6zek und\u00a0G\u00f6zde \u00c7elikbilek\u00a0sind zusammengekommen um Geburtstag von Aytul Temiz zu feiern.<\/h4>\n<\/div><\/div><\/div><div class=\"fusion-clearfix\"><\/div><div class=\"fusion-clearfix\"><\/div><\/div><\/div><\/div><div class=\"fusion-two-fifth fusion-layout-column fusion-column last last spacing-yes\"><div class=\"fusion-column-wrapper\"><span class=\"fusion-imageframe imageframe imageframe-none imageframe-1\"> <img src=\"http:\/\/aytultemiz.com\/site\/wp-content\/uploads\/2015\/03\/Untitled-3.jpg\" alt=\"\" class=\"img-responsive\" \/><\/span><\/div><\/div><div class=\"fusion-clearfix\"><\/div><div class=\"fusion-sep-clear\"><\/div><div class=\"fusion-separator fusion-full-width-sep sep-none\" style=\"border-color:#3e3e3e;margin-top:px;\"><\/div><div class=\"fusion-one-fifth fusion-layout-column fusion-column spacing-yes\"><div class=\"fusion-column-wrapper\">26-11-2015<\/div><\/div><div class=\"fusion-one-half one_half fusion-layout-column fusion-column spacing-yes\"><div class=\"fusion-column-wrapper\">\n<h2><strong>\u00a0Unsere Gr\u00fcnderin Nur Aytul Temiz besuchte die Ausstellung &#8216; Abstract Reflections&#8217;.<\/strong><\/h2>\n<\/div><\/div><div class=\"fusion-one-fourth one_fourth fusion-layout-column fusion-column last spacing-yes\"><div class=\"fusion-column-wrapper\"><\/div><\/div><div class=\"fusion-clearfix\"><\/div><div class=\"fusion-one-fifth fusion-layout-column fusion-column spacing-yes\"><div class=\"fusion-column-wrapper\"><\/div><\/div><div class=\"fusion-two-fifth fusion-layout-column fusion-column spacing-yes\"><div class=\"fusion-column-wrapper\"><div class=\"fusion-content-boxes content-boxes columns fusion-columns-1 fusion-content-boxes-2 content-boxes-icon-with-title row content-left\"><div class=\"fusion-column content-box-column content-box-column-1 col-lg-12 col-md-12 col-sm-12\"><div class=\"col content-wrapper\"><div class=\"heading icon-left icon-small\"><\/div><div class=\"fusion-clearfix\"><\/div><div class=\"content-container icon-small\">\n<h4>Bitte klicken Sie <a href=\"http:\/\/www.ekavartgallery.com\/EventsAndPress\/milliyet-cadde---26112015\">hier.<\/a><\/h4>\n<\/div><\/div><\/div><div class=\"fusion-clearfix\"><\/div><div class=\"fusion-clearfix\"><\/div><\/div><\/div><\/div><div class=\"fusion-two-fifth fusion-layout-column fusion-column last last spacing-yes\"><div class=\"fusion-column-wrapper\"><span class=\"fusion-imageframe imageframe imageframe-none imageframe-2\"> <img src=\"http:\/\/aytultemiz.com\/site\/wp-content\/uploads\/2015\/03\/2015_11_26_Milliyet_Cadde.jpg\" alt=\"\" class=\"img-responsive\" \/><\/span><\/div><\/div><div class=\"fusion-clearfix\"><\/div><div class=\"fusion-sep-clear\"><\/div><div class=\"fusion-separator fusion-full-width-sep sep-none\" style=\"border-color:#3e3e3e;margin-top:px;\"><\/div><div class=\"fusion-one-fifth fusion-layout-column fusion-column spacing-yes\"><div class=\"fusion-column-wrapper\">27-05-2015<\/div><\/div><div class=\"fusion-one-half one_half fusion-layout-column fusion-column spacing-yes\"><div class=\"fusion-column-wrapper\">\n<h2>Unsere Gr\u00fcnderin Ayt\u00fcl Temiz hatte einem Interview mit dem Magazin &#8216; Alem &#8216;.<\/h2>\n<h2><\/h2>\n<\/div><\/div><div class=\"fusion-one-fourth one_fourth fusion-layout-column fusion-column last spacing-yes\"><div class=\"fusion-column-wrapper\"><\/div><\/div><div class=\"fusion-clearfix\"><\/div><div class=\"fusion-one-fifth fusion-layout-column fusion-column spacing-yes\"><div class=\"fusion-column-wrapper\"><\/div><\/div><div class=\"fusion-two-fifth fusion-layout-column fusion-column spacing-yes\"><div class=\"fusion-column-wrapper\"><div class=\"fusion-content-boxes content-boxes columns fusion-columns-1 fusion-content-boxes-3 content-boxes-icon-with-title row content-left\"><div class=\"fusion-column content-box-column content-box-column-1 col-lg-12 col-md-12 col-sm-12\"><div class=\"col content-wrapper\"><div class=\"heading icon-left icon-small\"><\/div><div class=\"fusion-clearfix\"><\/div><div class=\"content-container icon-small\">\n<h4>Bitte klicken sie<a href=\"http:\/\/www.alem.com.tr\/Sohbetler\/bahce-tasarimcisi-aytul-temiz-165031\">\u00a0\u00a0hier<\/a><\/h4>\n<\/div><\/div><\/div><div class=\"fusion-clearfix\"><\/div><div class=\"fusion-clearfix\"><\/div><\/div><\/div><\/div><div class=\"fusion-two-fifth fusion-layout-column fusion-column last last spacing-yes\"><div class=\"fusion-column-wrapper\"><span class=\"fusion-imageframe imageframe imageframe-none imageframe-3\"> <img src=\"http:\/\/aytultemiz.com\/site\/wp-content\/uploads\/2015\/03\/Ekran-Al\u0131nt\u0131s\u01311.jpg\" alt=\"\" class=\"img-responsive\" \/><\/span><\/div><\/div><div class=\"fusion-clearfix\"><\/div><div class=\"fusion-sep-clear\"><\/div><div class=\"fusion-separator fusion-full-width-sep sep-none\" style=\"border-color:#3e3e3e;margin-top:px;\"><\/div><div class=\"fusion-one-fifth fusion-layout-column fusion-column spacing-yes\"><div class=\"fusion-column-wrapper\">08-08-2015<\/div><\/div><div class=\"fusion-one-half one_half fusion-layout-column fusion-column spacing-yes\"><div class=\"fusion-column-wrapper\">\n<h2>Arda Turan Villa Landschaft Projekt\u00a0und<\/h2>\n<h2 id=\"tw-target-text\" class=\"tw-data-text vk_txt tw-ta tw-text-medium\" dir=\"ltr\" data-placeholder=\"\u00c7eviri\"><span lang=\"de\">zusammenh\u00e4ngend Medien<\/span><\/h2>\n<\/div><\/div><div class=\"fusion-one-fourth one_fourth fusion-layout-column fusion-column last spacing-yes\"><div class=\"fusion-column-wrapper\"><\/div><\/div><div class=\"fusion-clearfix\"><\/div><div class=\"fusion-one-fifth fusion-layout-column fusion-column spacing-yes\"><div class=\"fusion-column-wrapper\"><\/div><\/div><div class=\"fusion-two-fifth fusion-layout-column fusion-column spacing-yes\"><div class=\"fusion-column-wrapper\"><div class=\"fusion-content-boxes content-boxes columns fusion-columns-1 fusion-content-boxes-4 content-boxes-icon-with-title row content-left\"><div class=\"fusion-column content-box-column content-box-column-1 col-lg-12 col-md-12 col-sm-12\"><div class=\"col content-wrapper\"><div class=\"heading icon-left icon-small\"><\/div><div class=\"fusion-clearfix\"><\/div><div class=\"content-container icon-small\"> We want to thank Mr. Turan and his family for working with us during the design and the application of their villa&#8217;s landscape project. Kind regards&#8230;<\/p>\n<p><a href=\"http:\/\/www.mynet.com\/magazin\/detay\/guncel\/iste-arda-turanin-5-milyon-liralik-sarayi\/57451\"><br \/>\nhttp:\/\/www.mynet.com\/magazin\/detay\/guncel\/iste-arda-turanin-5-milyon-liralik-sarayi\/57451<\/a><\/p>\n<p><a href=\"http:\/\/www.sabah.com.tr\/fotohaber\/magazin\/magazin-gundeminden-basliklar-2-haziran-2015?tc=31&amp;page=20\">http:\/\/www.sabah.com.tr\/fotohaber\/magazin\/magazin-gundeminden-basliklar-2-haziran-2015?tc=31&amp;page=20<\/a><\/p>\n<p><a href=\"http:\/\/www.emlakpiyasalar.com\/2015\/06\/02\/arda-turan-bahcekoydeki-villasini-dekore-ettirdi.html\">http:\/\/www.emlakpiyasalar.com\/2015\/06\/02\/arda-turan-bahcekoydeki-villasini-dekore-ettirdi.html<\/a><\/div><\/div><\/div><div class=\"fusion-clearfix\"><\/div><div class=\"fusion-clearfix\"><\/div><\/div><\/div><\/div><div class=\"fusion-two-fifth fusion-layout-column fusion-column last last spacing-yes\"><div class=\"fusion-column-wrapper\"><span class=\"fusion-imageframe imageframe imageframe-none imageframe-4\"> <img src=\"http:\/\/aytultemiz.com\/site\/wp-content\/uploads\/2015\/03\/arda-turan-bulten.jpg\" alt=\"\" class=\"img-responsive\" \/><\/span><\/div><\/div><div class=\"fusion-clearfix\"><\/div><div class=\"fusion-sep-clear\"><\/div><div class=\"fusion-separator fusion-full-width-sep sep-none\" style=\"border-color:#3e3e3e;margin-top:px;\"><\/div><div class=\"fusion-one-fifth fusion-layout-column fusion-column spacing-yes\"><div class=\"fusion-column-wrapper\">21-04-2015<\/div><\/div><div class=\"fusion-one-half one_half fusion-layout-column fusion-column spacing-yes\"><div class=\"fusion-column-wrapper\">\n<h2>K\u00fc\u00e7\u00fck \u015eeyler\u00a0Kindergarten-Seminar<\/h2>\n<\/div><\/div><div class=\"fusion-one-fourth one_fourth fusion-layout-column fusion-column last spacing-yes\"><div class=\"fusion-column-wrapper\"><\/div><\/div><div class=\"fusion-clearfix\"><\/div><div class=\"fusion-one-fifth fusion-layout-column fusion-column spacing-yes\"><div class=\"fusion-column-wrapper\"><\/div><\/div><div class=\"fusion-two-fifth fusion-layout-column fusion-column spacing-yes\"><div class=\"fusion-column-wrapper\"><div class=\"fusion-content-boxes content-boxes columns fusion-columns-1 fusion-content-boxes-5 content-boxes-icon-with-title row content-left\"><div class=\"fusion-column content-box-column content-box-column-1 col-lg-12 col-md-12 col-sm-12\"><div class=\"col content-wrapper\"><div class=\"heading icon-left icon-small\"><\/div><div class=\"fusion-clearfix\"><\/div><div class=\"content-container icon-small\"> Wir hatten ein Seminar hei\u00dft \u2018Schmetterlinge und Pflanzen\u2019 an \u2018K\u00fc\u00e7\u00fck \u015eeyler Kindergarten\u2019, dem \u00dcst\u00fcn D\u00f6kmen geh\u00f6rt. Wir wollen uns alle Arbeiter der Schule f\u00fcr ihre h\u00f6ffliche Einladung und ihre Gastfreundschaft bedanken. <\/div><\/div><\/div><div class=\"fusion-clearfix\"><\/div><div class=\"fusion-clearfix\"><\/div><\/div><\/div><\/div><div class=\"fusion-two-fifth fusion-layout-column fusion-column last last spacing-yes\"><div class=\"fusion-column-wrapper\"><span class=\"fusion-imageframe imageframe imageframe-none imageframe-5\"> <img src=\"http:\/\/aytultemiz.com\/site\/wp-content\/uploads\/2015\/03\/total1.jpg\" alt=\"\" class=\"img-responsive\" \/><\/span><\/div><\/div><div class=\"fusion-clearfix\"><\/div><div class=\"fusion-sep-clear\"><\/div><div class=\"fusion-separator fusion-full-width-sep sep-none\" style=\"border-color:#3e3e3e;margin-top:px;\"><\/div><div class=\"fusion-one-fifth fusion-layout-column fusion-column spacing-yes\"><div class=\"fusion-column-wrapper\">\n<div class=\"fusion-separator fusion-full-width-sep sep-none\">17-04-2015<\/div>\n<\/div><\/div><div class=\"fusion-one-half one_half fusion-layout-column fusion-column spacing-yes\"><div class=\"fusion-column-wrapper\">\n<h3><strong>Do\u011fa\u00a0Privatschule _ Konferenz\u00a0<\/strong><\/h3>\n<\/div><\/div><div class=\"fusion-one-fourth one_fourth fusion-layout-column fusion-column last spacing-yes\"><div class=\"fusion-column-wrapper\"><\/div><\/div><div class=\"fusion-clearfix\"><\/div><div class=\"fusion-one-fifth fusion-layout-column fusion-column spacing-yes\"><div class=\"fusion-column-wrapper\"><\/div><\/div><div class=\"fusion-two-fifth fusion-layout-column fusion-column spacing-yes\"><div class=\"fusion-column-wrapper\"><div class=\"fusion-content-boxes content-boxes columns fusion-columns-1 fusion-content-boxes-6 content-boxes-icon-with-title row content-left\"><div class=\"fusion-column content-box-column content-box-column-1 col-lg-12 col-md-12 col-sm-12\"><div class=\"col content-wrapper\"><div class=\"heading icon-left icon-small\"><\/div><div class=\"fusion-clearfix\"><\/div><div class=\"content-container icon-small\"> An der Do\u011fa Privatschule ist eine Konferenz von unserem Begr\u00fcnderin Aytul Temiz abgehalten, sie hat Sch\u00fcler ihre unterzeichnete B\u00fccher geschenkt.<br \/>\n<\/div><\/div><\/div><div class=\"fusion-clearfix\"><\/div><div class=\"fusion-clearfix\"><\/div><\/div><\/div><\/div><div class=\"fusion-two-fifth fusion-layout-column fusion-column last last spacing-yes\"><div class=\"fusion-column-wrapper\"><span class=\"fusion-imageframe imageframe imageframe-none imageframe-6\"> <img src=\"http:\/\/aytultemiz.com\/site\/wp-content\/uploads\/2015\/03\/Untitled-1-Recovered1.jpg\" alt=\"\" class=\"img-responsive\" \/><\/span><\/div><\/div><div class=\"fusion-clearfix\"><\/div><div class=\"fusion-sep-clear\"><\/div><div class=\"fusion-separator fusion-full-width-sep sep-none\" style=\"border-color:#3e3e3e;margin-top:px;\"><\/div><div class=\"fusion-one-fifth fusion-layout-column fusion-column spacing-yes\"><div class=\"fusion-column-wrapper\">\n<div class=\"fusion-separator fusion-full-width-sep sep-none\">30-03-2015<\/div>\n<\/div><\/div><div class=\"fusion-one-half one_half fusion-layout-column fusion-column spacing-yes\"><div class=\"fusion-column-wrapper\">\n<h3><strong>Bah\u00e7e\u015fehir Koleji Seminar<\/strong><\/h3>\n<\/div><\/div><div class=\"fusion-one-fourth one_fourth fusion-layout-column fusion-column last spacing-yes\"><div class=\"fusion-column-wrapper\"><\/div><\/div><div class=\"fusion-clearfix\"><\/div><div class=\"fusion-one-fifth fusion-layout-column fusion-column spacing-yes\"><div class=\"fusion-column-wrapper\"><\/div><\/div><div class=\"fusion-two-fifth fusion-layout-column fusion-column spacing-yes\"><div class=\"fusion-column-wrapper\"><div class=\"fusion-content-boxes content-boxes columns fusion-columns-1 fusion-content-boxes-7 content-boxes-icon-with-title row content-left\"><div class=\"fusion-column content-box-column content-box-column-1 col-lg-12 col-md-12 col-sm-12\"><div class=\"col content-wrapper\"><div class=\"heading icon-left icon-small\"><\/div><div class=\"fusion-clearfix\"><\/div><div class=\"content-container icon-small\"> Wegen &#8221;der Waldwoche&#8221; hat unsere General Direktorin Aytul Temiz f\u00fcr die Sch\u00fcler der Bah\u00e7e\u015fehir Privatschule eine Konferenz \u00fcber Natur , Umwelt , Wald und Landschaft abgehalten. Wir wollen uns bei alle Sch\u00fcler und bei Bah\u00e7e\u015fehir Privatschule f\u00fcr ihre h\u00f6ffliche Einladung und ihre Gastfreundschaft bedanken.<\/div><\/div><\/div><div class=\"fusion-clearfix\"><\/div><div class=\"fusion-clearfix\"><\/div><\/div><\/div><\/div><div class=\"fusion-two-fifth fusion-layout-column fusion-column last last spacing-yes\"><div class=\"fusion-column-wrapper\"><span class=\"fusion-imageframe imageframe imageframe-none imageframe-7\"> <img src=\"http:\/\/aytultemiz.com\/site\/wp-content\/uploads\/2015\/03\/total.jpg\" alt=\"\" class=\"img-responsive\" \/><\/span><\/div><\/div><div class=\"fusion-clearfix\"><\/div>\n","protected":false},"excerpt":{"rendered":"","protected":false},"author":1,"featured_media":0,"parent":0,"menu_order":0,"comment_status":"open","ping_status":"open","template":"","meta":[],"_links":{"self":[{"href":"https:\/\/aytultemiz.com\/site\/wp-json\/wp\/v2\/pages\/11811"}],"collection":[{"href":"https:\/\/aytultemiz.com\/site\/wp-json\/wp\/v2\/pages"}],"about":[{"href":"https:\/\/aytultemiz.com\/site\/wp-json\/wp\/v2\/types\/page"}],"author":[{"embeddable":true,"href":"https:\/\/aytultemiz.com\/site\/wp-json\/wp\/v2\/users\/1"}],"replies":[{"embeddable":true,"href":"https:\/\/aytultemiz.com\/site\/wp-json\/wp\/v2\/comments?post=11811"}],"version-history":[{"count":11,"href":"https:\/\/aytultemiz.com\/site\/wp-json\/wp\/v2\/pages\/11811\/revisions"}],"predecessor-version":[{"id":12251,"href":"https:\/\/aytultemiz.com\/site\/wp-json\/wp\/v2\/pages\/11811\/revisions\/12251"}],"wp:attachment":[{"href":"https:\/\/aytultemiz.com\/site\/wp-json\/wp\/v2\/media?parent=11811"}],"curies":[{"name":"wp","href":"https:\/\/api.w.org\/{rel}","templated":true}]}}