{"id":11813,"date":"2015-05-31T10:58:39","date_gmt":"2015-05-31T10:58:39","guid":{"rendered":"http:\/\/aytultemiz.com\/site\/?page_id=11813"},"modified":"2017-12-25T15:12:00","modified_gmt":"2017-12-25T15:12:00","slug":"uber-uns","status":"publish","type":"page","link":"https:\/\/aytultemiz.com\/site\/de\/uber-uns\/","title":{"rendered":"\u00dcber Uns"},"content":{"rendered":"<div class=\"fusion-fullwidth fullwidth-box\" style=\"background-color:#242424;background-attachment:scroll;background-position:left top;background-repeat:no-repeat;-webkit-background-size:cover;-moz-background-size:cover;-o-background-size:cover;background-size:cover;border-color:#3e3e3e;border-bottom-width: 0px;border-top-width: 0px;border-bottom-style: solid;border-top-style: solid;padding-bottom:20px;padding-left:0px;padding-right:0px;padding-top:20px;\"><div class=\"avada-row\"><span class=\"fusion-imageframe imageframe imageframe-none imageframe-1\"> <img alt=\"\" src=\"http:\/\/aytultemiz.com\/site\/wp-content\/uploads\/2015\/03\/hakkimizda-e1427388629486.jpg\" class=\"img-responsive\" \/><\/span><\/div><\/div><div class=\"fusion-sep-clear\"><\/div><div class=\"fusion-separator fusion-full-width-sep sep-none\" style=\"border-color:#3e3e3e;margin-top:30px;margin-bottom:30px;\"><\/div><div class=\"fusion-title title\"><h2 class=\"title-heading-left\">WER SIND WIR?<\/h2><div class=\"title-sep-container\"><div class=\"title-sep sep-double\"><\/div><\/div><\/div><div class=\"fusion-fullwidth fullwidth-box\" style=\"background-color:#242424;background-attachment:scroll;background-position:left top;background-repeat:no-repeat;-webkit-background-size:cover;-moz-background-size:cover;-o-background-size:cover;background-size:cover;border-color:#3e3e3e;border-bottom-width: 0px;border-top-width: 0px;border-bottom-style: solid;border-top-style: solid;padding-bottom:20px;padding-left:0px;padding-right:0px;padding-top:20px;\"><div class=\"avada-row\"><div class=\"fusion-content-boxes content-boxes columns fusion-columns-1 fusion-content-boxes-1 content-boxes-icon-with-title row content-left\"><div class=\"fusion-column content-box-column content-box-column-1 col-lg-12 col-md-12 col-sm-12\"><div class=\"col content-wrapper\"><div class=\"heading icon-left icon-small\"><\/div><div class=\"fusion-clearfix\"><\/div><div class=\"content-container icon-small\">\n&#8220;Aytul Temiz Garden Architektur und Technik Dienst&#8221; bietet den Entwurf und Entwicklung von Landschaftprojekten und ihren Anwendungen nach den Bed\u00fcrfnissen der Privatpersonen und Unternehmen mit unseren professionellen Anwendungsteam, das aus Architekten und Landschaft Architekten besteht. Der Aufbau von zwei- und drei Dimensionale Konstruktionen, die Vorbereitung von Design-Applikationsprojekte und die Wiedergabe der Schl\u00fcssel, um die richtige Durchf\u00fchrung der entworfenen Projekten zu erschlie\u00dfen, wird jeder Schritt in einer Koordination mit den Kunden verwaltet. Die Partnerschaft mit den institutionellen Baufirmen f\u00fcr die L\u00f6sungsentscheidungen an die Landschaftsgebiete, Planung der privat Projekten in den Gartenraume der Privatpersonen , Pflanzung der innere und \u00e4u\u00dfere R\u00e4umen, Planung der Terasse und- Dachgarten , Planung der Garten der Reastaurant, Hotel und Kafe sind unsere wesentliche Kompetenzgebiete. Mit unserer einzigartigen Design ohne Kompromiss von unserer Qualit\u00e4t wird es gezeilt, friedliche und bequeme Landschaftsgebiete zu verschaffen.<br \/>\n<\/div><\/div><\/div><div class=\"fusion-clearfix\"><\/div><div class=\"fusion-clearfix\"><\/div><\/div><\/div><\/div><div class=\"fusion-sep-clear\"><\/div><div class=\"fusion-separator fusion-full-width-sep sep-none\" style=\"border-color:#3e3e3e;margin-top:10px;margin-bottom:10px;\"><\/div><div class=\"fusion-title title\"><h2 class=\"title-heading-left\">WER IST AYTUL TEM\u0130Z?<\/h2><div class=\"title-sep-container\"><div class=\"title-sep sep-double\"><\/div><\/div><\/div><div class=\"fusion-fullwidth fullwidth-box\" style=\"background-color:#242424;background-attachment:scroll;background-position:left top;background-repeat:no-repeat;-webkit-background-size:cover;-moz-background-size:cover;-o-background-size:cover;background-size:cover;border-color:#3e3e3e;border-bottom-width: 0px;border-top-width: 0px;border-bottom-style: solid;border-top-style: solid;padding-bottom:20px;padding-left:0px;padding-right:0px;padding-top:20px;\"><div class=\"avada-row\"><div class=\"fusion-content-boxes content-boxes columns fusion-columns-1 fusion-content-boxes-2 content-boxes-icon-with-title row content-left\"><div class=\"fusion-column content-box-column content-box-column-1 col-lg-12 col-md-12 col-sm-12\"><div class=\"col content-wrapper\"><div class=\"heading icon-left icon-small\"><\/div><div class=\"fusion-clearfix\"><\/div><div class=\"content-container icon-small\"> Sie hat Istanbul Universit\u00e4t als Waldingenieur abgeschlossen. Nach ihrem Abschluss hat sie ihrem Thesis \u00fcber die Plant Importation  Probleme der T\u00fcrkei geschrieben. Als sie ihre Thesis schrieb, hat sie ein Buch &#8216;Garten in 310 Schritte&#8217; unter der Tr\u00e4gerschaft von BOSCH publiziert.In ihrem Buch hat sie \u00fcber die Hauptprinzipen des Landscahftes geschrieben. Au\u00dferdem in dem Buch wird die Gartenplanung, Pflanzen, Gartenpflege, Gem\u00fcseanbau, Bew\u00e4sserungsysteme , Teichen und Heilpflanzen erw\u00e4hnt.<br \/>\nAn den TV Kanale  wie Show Tv, Fox Tv, Beyaztv, Tvem, Trt1, Bereket tv, Kanal 7, \u00c7ift\u00e7i TV und an Zeitungen wie Radikal, A\u00e7\u0131k Gazete, Acaba hat sie Live &#8211; Sendungen und Interviews \u00fcber Pflanzen und Garten wurden aufgef\u00fchrt. Und auch f\u00fcr Uzmantv hat sie Videos \u00fcber diese Themen mitgeschnnitten und wurden von tausenden Menschen angesehen. Sie hat auch  an den Schulen wie Bah\u00e7e\u015fehir Privatschule und Do\u011fa Privatschule verschiedene Konferenzen \u00fcber Pflanzen und Umweltprobleme abgehalten. Au\u00dferdem halten wir Seminaren f\u00fcr die Firmen wie Eczac\u0131ba\u015f\u0131 Holding Baxter\u2026\u00fcber Pflanzen und Dekoration..  In dem Sozialmedia hat sie die Chance ihre Follower als &#8216;Bitki Uzman\u0131 Ayt\u00fcl Temiz &#8216; zu erreichen. Sie kann Englisch in einem professionalen Niveau und hat verschiedene Computerprogrammkenntnisse. Jetzt arbeitet sie als General Direktorin der Aytul Temiz Landschaft Planung.<\/div><\/div><\/div><div class=\"fusion-clearfix\"><\/div><div class=\"fusion-clearfix\"><\/div><\/div><\/div><\/div><div class=\"fusion-fullwidth fullwidth-box\" style=\"background-color:#242424;background-attachment:scroll;background-position:left top;background-repeat:no-repeat;-webkit-background-size:cover;-moz-background-size:cover;-o-background-size:cover;background-size:cover;border-color:#3e3e3e;border-bottom-width: 0px;border-top-width: 0px;border-bottom-style: solid;border-top-style: solid;padding-bottom:20px;padding-left:0px;padding-right:0px;padding-top:20px;\"><div class=\"avada-row\"><div class=\"fusion-title title\"><h1 class=\"title-heading-left\">Unsere Kompetanzgebiete;<\/h1><div class=\"title-sep-container\"><div class=\"title-sep sep-single\"><\/div><\/div><\/div><\/div><\/div><div class=\"fusion-two-fifth fusion-layout-column fusion-column spacing-yes\"><div class=\"fusion-column-wrapper\"><ul class=\"fusion-checklist\"><li class=\"fusion-li-item size-medium\"><span style=\"background-color:#a0ce4e;\" class=\"icon-wrapper circle-yes\"><i class=\"fusion-li-icon fa fa-star-o\" style=\"color:#ffffff;\"><\/i><\/span><div class=\"fusion-li-item-content\">Pflanzung Projekt und seine Anwendung<\/div><\/li><li class=\"fusion-li-item size-medium\"><span style=\"background-color:#a0ce4e;\" class=\"icon-wrapper circle-yes\"><i class=\"fusion-li-icon fa fa-star-o\" style=\"color:#ffffff;\"><\/i><\/span><div class=\"fusion-li-item-content\">Bew\u00e4sserungsystem  und seine Anwendung<\/div><\/li><li class=\"fusion-li-item size-medium\"><span style=\"background-color:#a0ce4e;\" class=\"icon-wrapper circle-yes\"><i class=\"fusion-li-icon fa fa-star-o\" style=\"color:#ffffff;\"><\/i><\/span><div class=\"fusion-li-item-content\">Lichtprojekt und seine Anwendung<\/div><\/li><li class=\"fusion-li-item size-medium\"><span style=\"background-color:#a0ce4e;\" class=\"icon-wrapper circle-yes\"><i class=\"fusion-li-icon fa fa-star-o\" style=\"color:#ffffff;\"><\/i><\/span><div class=\"fusion-li-item-content\">Entw\u00e4sserungsprojekt und seine Anwendung<\/div><\/li><li class=\"fusion-li-item size-medium\"><span style=\"background-color:#a0ce4e;\" class=\"icon-wrapper circle-yes\"><i class=\"fusion-li-icon fa fa-star-o\" style=\"color:#ffffff;\"><\/i><\/span><div class=\"fusion-li-item-content\">Bodenbildungsprojekt und seine Anwendung<\/div><\/li><li class=\"fusion-li-item size-medium\"><span style=\"background-color:#a0ce4e;\" class=\"icon-wrapper circle-yes\"><i class=\"fusion-li-icon fa fa-star-o\" style=\"color:#ffffff;\"><\/i><\/span><div class=\"fusion-li-item-content\">Roll-rasen Planung und seine Anwendung<\/div><\/li><li class=\"fusion-li-item size-medium\"><span style=\"background-color:#a0ce4e;\" class=\"icon-wrapper circle-yes\"><i class=\"fusion-li-icon fa fa-star-o\" style=\"color:#ffffff;\"><\/i><\/span><div class=\"fusion-li-item-content\">Teich Design und seine Anwendung<\/div><\/li><li class=\"fusion-li-item size-medium\"><span style=\"background-color:#a0ce4e;\" class=\"icon-wrapper circle-yes\"><i class=\"fusion-li-icon fa fa-star-o\" style=\"color:#ffffff;\"><\/i><\/span><div class=\"fusion-li-item-content\">Blumentopf Design und seine Anwendung<\/div><\/li><li class=\"fusion-li-item size-medium\"><span style=\"background-color:#a0ce4e;\" class=\"icon-wrapper circle-yes\"><i class=\"fusion-li-icon fa fa-star-o\" style=\"color:#ffffff;\"><\/i><\/span><div class=\"fusion-li-item-content\">Saisonal und monatliche Gartenpflege<\/div><\/li><li class=\"fusion-li-item size-medium\"><span style=\"background-color:#a0ce4e;\" class=\"icon-wrapper circle-yes\"><i class=\"fusion-li-icon fa fa-star-o\" style=\"color:#ffffff;\"><\/i><\/span><div class=\"fusion-li-item-content\">2D und 3D Projekt Design<\/div><\/li><\/ul>\n<\/div><\/div><div class=\"fusion-three-fifth fusion-layout-column fusion-column last spacing-yes\"><div class=\"fusion-column-wrapper\"><span class=\"fusion-imageframe imageframe imageframe-none imageframe-2\"> <img alt=\"\" src=\"http:\/\/aytultemiz.com\/site\/wp-content\/uploads\/2015\/03\/9756.jpg\" class=\"img-responsive\" \/><\/span><\/div><\/div><div class=\"fusion-clearfix\"><\/div><div class=\"fusion-sep-clear\"><\/div><div class=\"fusion-separator fusion-full-width-sep sep-none\" style=\"border-color:#3e3e3e;margin-top:10px;margin-bottom:10px;\"><\/div>\n","protected":false},"excerpt":{"rendered":"","protected":false},"author":1,"featured_media":0,"parent":0,"menu_order":0,"comment_status":"open","ping_status":"closed","template":"","meta":[],"_links":{"self":[{"href":"https:\/\/aytultemiz.com\/site\/wp-json\/wp\/v2\/pages\/11813"}],"collection":[{"href":"https:\/\/aytultemiz.com\/site\/wp-json\/wp\/v2\/pages"}],"about":[{"href":"https:\/\/aytultemiz.com\/site\/wp-json\/wp\/v2\/types\/page"}],"author":[{"embeddable":true,"href":"https:\/\/aytultemiz.com\/site\/wp-json\/wp\/v2\/users\/1"}],"replies":[{"embeddable":true,"href":"https:\/\/aytultemiz.com\/site\/wp-json\/wp\/v2\/comments?post=11813"}],"version-history":[{"count":18,"href":"https:\/\/aytultemiz.com\/site\/wp-json\/wp\/v2\/pages\/11813\/revisions"}],"predecessor-version":[{"id":12987,"href":"https:\/\/aytultemiz.com\/site\/wp-json\/wp\/v2\/pages\/11813\/revisions\/12987"}],"wp:attachment":[{"href":"https:\/\/aytultemiz.com\/site\/wp-json\/wp\/v2\/media?parent=11813"}],"curies":[{"name":"wp","href":"https:\/\/api.w.org\/{rel}","templated":true}]}}