{"id":11825,"date":"2015-05-31T11:22:00","date_gmt":"2015-05-31T11:22:00","guid":{"rendered":"http:\/\/aytultemiz.com\/site\/?page_id=11825"},"modified":"2015-10-07T16:44:36","modified_gmt":"2015-10-07T16:44:36","slug":"interviews-und-publikationen","status":"publish","type":"page","link":"https:\/\/aytultemiz.com\/site\/de\/interviews-und-publikationen\/","title":{"rendered":"Interviews und Publikationen"},"content":{"rendered":"<div class=\"fusion-fullwidth fullwidth-box\" style=\"background-color:#242424;background-attachment:scroll;background-position:left top;background-repeat:no-repeat;-webkit-background-size:cover;-moz-background-size:cover;-o-background-size:cover;background-size:cover;border-color:#3e3e3e;border-bottom-width: 0px;border-top-width: 0px;border-bottom-style: solid;border-top-style: solid;padding-bottom:20px;padding-left:0px;padding-right:0px;padding-top:20px;\"><div class=\"avada-row\"><span class=\"fusion-imageframe imageframe imageframe-none imageframe-1\"> <img src=\"http:\/\/aytultemiz.com\/site\/wp-content\/uploads\/2015\/03\/iStock_000053640954XXLarge-e1428004693342.jpg\" alt=\"\" class=\"img-responsive\" \/><\/span><\/div><\/div><div class=\"fusion-one-half one_half fusion-layout-column fusion-column spacing-yes\"><div class=\"fusion-column-wrapper\"><div class=\"fusion-title title\"><h1 class=\"title-heading-left\">Publikationen<\/h1><div class=\"title-sep-container\"><div class=\"title-sep sep-single\"><\/div><\/div><\/div><\/div><\/div><div class=\"fusion-one-half one_half fusion-layout-column fusion-column last spacing-yes\"><div class=\"fusion-column-wrapper\"><div class=\"fusion-title title\"><h1 class=\"title-heading-left\">Interviews<\/h1><div class=\"title-sep-container\"><div class=\"title-sep sep-single\"><\/div><\/div><\/div><\/div><\/div><div class=\"fusion-clearfix\"><\/div><div class=\"fusion-one-half one_half fusion-layout-column fusion-column spacing-yes\"><div class=\"fusion-column-wrapper\">Bitte klicken sie\u00a0\u00a0<a href=\"http:\/\/www.dijimecmua.com\/310-adimda-bahce\/6236\/index\/1203453_310-adimda-yeni-baslayanlar-icin-bahce\/\">hier<\/a>\u00a0f\u00fcr das Buch &#8216;310 Ad\u0131mda Bah\u00e7e&#8217;<\/div><\/div><div class=\"fusion-one-half one_half fusion-layout-column fusion-column last spacing-yes\"><div class=\"fusion-column-wrapper\">27-05-2015\u00a0 Alem Interview<\/p>\n<p>F\u00fcr das Interview bitte klicken sie<a href=\"http:\/\/www.alem.com.tr\/Sohbetler\/bahce-tasarimcisi-aytul-temiz-165031\">\u00a0hier<\/a><\/div><\/div><div class=\"fusion-clearfix\"><\/div><div class=\"fusion-one-half one_half fusion-layout-column fusion-column spacing-yes\"><div class=\"fusion-column-wrapper\">28-07-2014 \u00a0A\u00e7\u0131k Gazete\u00a0Interview<\/p>\n<p>F\u00fcr das Interview bitte klicken sie\u00a0<a href=\"http:\/\/www.acikgazete.com\/soylesi\/2014\/07\/28\/zarif-guzel-farkli-ve-cok-yonlu.htm?aid=55982\">hier<\/a><\/div><\/div><div class=\"fusion-one-half one_half fusion-layout-column fusion-column last spacing-yes\"><div class=\"fusion-column-wrapper\">Bitte klicken sie <a href=\"http:\/\/www.nadirkitap.com\/310-adimda-yeni-baslayanlar-icin-bahce-yeni-bahce-sahibi-olanlar-ya-da-bahcesiyle-ilgilenmye-baslayanlar-icin-bitki-secimi-bakim-tasarim-ve-uygulama-dergi3099921.html\">hier<\/a> um das Buch &#8216;310 Ad\u0131mda Bah\u00e7e&#8217; einzukaufen .<\/div><\/div><div class=\"fusion-clearfix\"><\/div><div class=\"fusion-one-half one_half fusion-layout-column fusion-column spacing-yes\"><div class=\"fusion-column-wrapper\">16.07.2014 tarihli Radikal\u00a0Zeitung Inteview<\/p>\n<p>Bitte klicken sie<a href=\"http:\/\/blog.radikal.com.tr\/cevre\/aytul-temiz-bu-yuzyilin-fikir-akimi-cevrecilik-olacak-66654\"> hier <\/a>zu lesen.<\/div><\/div><div class=\"fusion-one-half one_half fusion-layout-column fusion-column last spacing-yes\"><div class=\"fusion-column-wrapper\">&#8216;Alacal\u0131 Ebruliler&#8217; \u00a0<a href=\"http:\/\/http:\/\/www.acikgazete.com\/kultur-sanat\/2014\/07\/19\/aytul-temiz-den-alacali-ebruliler.htm\">Sendung<\/a><\/div><\/div><div class=\"fusion-clearfix\"><\/div><div class=\"fusion-one-half one_half fusion-layout-column fusion-column spacing-yes\"><div class=\"fusion-column-wrapper\"><\/div><\/div><div class=\"fusion-one-half one_half fusion-layout-column fusion-column last spacing-yes\"><div class=\"fusion-column-wrapper\">Artikeln geschrieben von \u00a0Aytul Temiz. Bitte klicken sie<a href=\"http:\/\/https:\/\/www.icerikfabrikasi.com\/uzman\/n-aytul-temiz\/41\"> hier\u00a0<\/a>.<\/div><\/div><div class=\"fusion-clearfix\"><\/div>\n","protected":false},"excerpt":{"rendered":"","protected":false},"author":1,"featured_media":0,"parent":0,"menu_order":0,"comment_status":"open","ping_status":"open","template":"","meta":[],"_links":{"self":[{"href":"https:\/\/aytultemiz.com\/site\/wp-json\/wp\/v2\/pages\/11825"}],"collection":[{"href":"https:\/\/aytultemiz.com\/site\/wp-json\/wp\/v2\/pages"}],"about":[{"href":"https:\/\/aytultemiz.com\/site\/wp-json\/wp\/v2\/types\/page"}],"author":[{"embeddable":true,"href":"https:\/\/aytultemiz.com\/site\/wp-json\/wp\/v2\/users\/1"}],"replies":[{"embeddable":true,"href":"https:\/\/aytultemiz.com\/site\/wp-json\/wp\/v2\/comments?post=11825"}],"version-history":[{"count":5,"href":"https:\/\/aytultemiz.com\/site\/wp-json\/wp\/v2\/pages\/11825\/revisions"}],"predecessor-version":[{"id":12103,"href":"https:\/\/aytultemiz.com\/site\/wp-json\/wp\/v2\/pages\/11825\/revisions\/12103"}],"wp:attachment":[{"href":"https:\/\/aytultemiz.com\/site\/wp-json\/wp\/v2\/media?parent=11825"}],"curies":[{"name":"wp","href":"https:\/\/api.w.org\/{rel}","templated":true}]}}